{"id":1138,"date":"2025-08-10T10:37:40","date_gmt":"2025-08-10T08:37:40","guid":{"rendered":"https:\/\/villalegrandlarge.fr\/mers\/?page_id=1138"},"modified":"2025-08-10T11:43:46","modified_gmt":"2025-08-10T09:43:46","slug":"tarifs-et-pre-reservation","status":"publish","type":"page","link":"https:\/\/villalegrandlarge.fr\/mers\/tarifs-et-pre-reservation\/","title":{"rendered":"Tarifs et pr\u00e9-r\u00e9servation 2025-2026"},"content":{"rendered":"<h2 style=\"text-align: center;\">Tarifs 2025-2026<\/h2>\n<p>&nbsp;<\/p>\n<div id=\"rpt_pricr\" class=\"rpt_plans rpt_5_plans rpt_style_basic\"><div class=\" rpt_sm_subtitle rpt_sm_price rpt_sm_recurrence rpt_sm_features rpt_sm_button\"><div class=\"rpt_plan   rpt_plan_0  \"><div style=\"text-align:center;\" class=\"rpt_title rpt_title_0\">2 Nuits<\/div><div class=\"rpt_head rpt_head_0\"><div class=\"rpt_price rpt_price_0\"><sup class=\"rpt_currency\">\u20ac<\/sup>300<\/div><div class=\"rpt_description rpt_description_0\">2 nuits sur place (M\u00e9nage inclus, lits faits \u00e0 l\u2019arriv\u00e9e, linge de toilette et pack de premi\u00e8res n\u00e9cessit\u00e9s fournis.)<\/div><\/div><a target=\"_self\" style=\"background:#0b94bf\" class=\"rpt_foot rpt_foot_0\"><\/a><\/div><div class=\"rpt_plan   rpt_plan_1  \"><div style=\"text-align:center;\" class=\"rpt_title rpt_title_1\">3 Nuits<\/div><div class=\"rpt_head rpt_head_1\"><div class=\"rpt_price rpt_price_1\"><sup class=\"rpt_currency\">\u20ac<\/sup>425<\/div><div class=\"rpt_description rpt_description_1\">3 nuits sur place (M\u00e9nage inclus, lits faits \u00e0 l\u2019arriv\u00e9e, linge de toilette et pack de premi\u00e8res n\u00e9cessit\u00e9s fournis.)<\/div><\/div><a target=\"_self\" style=\"background:#0b94bf\" class=\"rpt_foot rpt_foot_1\"><\/a><\/div><div class=\"rpt_plan   rpt_plan_2  \"><div style=\"text-align:center;\" class=\"rpt_title rpt_title_2\">4 Nuits<\/div><div class=\"rpt_head rpt_head_2\"><div class=\"rpt_price rpt_price_2\"><sup class=\"rpt_currency\">\u20ac<\/sup>550<\/div><div class=\"rpt_description rpt_description_2\">4 nuits sur place (M\u00e9nage inclus, lits faits \u00e0 l\u2019arriv\u00e9e, linge de toilette et pack de premi\u00e8res n\u00e9cessit\u00e9s fournis.)<\/div><\/div><a target=\"_self\" style=\"background:#0b94bf\" class=\"rpt_foot rpt_foot_2\"><\/a><\/div><div class=\"rpt_plan   rpt_plan_3  \"><div style=\"text-align:center;\" class=\"rpt_title rpt_title_3\">5 Nuits<\/div><div class=\"rpt_head rpt_head_3\"><div class=\"rpt_price rpt_price_3\"><sup class=\"rpt_currency\">\u20ac<\/sup>675<\/div><div class=\"rpt_description rpt_description_3\">5 nuits sur place (M\u00e9nage inclus, lits faits \u00e0 l\u2019arriv\u00e9e, linge de toilette et pack de premi\u00e8res n\u00e9cessit\u00e9s fournis.)<\/div><\/div><a target=\"_self\" style=\"background:#0b94bf\" class=\"rpt_foot rpt_foot_3\"><\/a><\/div><div class=\"rpt_plan   rpt_plan_4  \"><div style=\"text-align:center;\" class=\"rpt_title rpt_title_4\">6 Nuits<\/div><div class=\"rpt_head rpt_head_4\"><div class=\"rpt_price rpt_price_4\"><sup class=\"rpt_currency\">\u20ac<\/sup>800<\/div><div class=\"rpt_description rpt_description_4\">6 nuits sur place (M\u00e9nage inclus, lits faits \u00e0 l\u2019arriv\u00e9e, linge de toilette et pack de premi\u00e8res n\u00e9cessit\u00e9s fournis.)<\/div><\/div><a target=\"_self\" style=\"background:#0b94bf\" class=\"rpt_foot rpt_foot_4\"><\/a><\/div><\/div><\/div><div style=\"clear:both;\"><\/div>\n<p>&nbsp;<\/p>\n<div id=\"rpt_pricr\" class=\"rpt_plans rpt_4_plans rpt_style_basic\"><div class=\" rpt_sm_subtitle rpt_sm_price rpt_sm_recurrence rpt_sm_features rpt_sm_button\"><div class=\"rpt_plan   rpt_plan_0 rpt_recommended_plan \"><div style=\"text-align:center;\" class=\"rpt_title rpt_title_0\">1 semaine<img decoding=\"async\" style=\"height:30px !important; width:30px !important;\" class=\"rpt_recommended\" src=\"https:\/\/villalegrandlarge.fr\/mers\/wp-content\/plugins\/dk-pricr-responsive-pricing-table\/inc\/img\/rpt_recommended.png\"\/><\/div><div class=\"rpt_head rpt_head_0\"><div class=\"rpt_price rpt_price_0\"><sup class=\"rpt_currency\">\u20ac<\/sup>875<\/div><div class=\"rpt_description rpt_description_0\">7 nuits sur place (M\u00e9nage inclus, lits faits \u00e0 l\u2019arriv\u00e9e, linge de toilette et pack de premi\u00e8res n\u00e9cessit\u00e9s fournis.)<\/div><\/div><a target=\"_self\" style=\"background:#0b94bf\" class=\"rpt_foot rpt_foot_0\"><\/a><\/div><div class=\"rpt_plan   rpt_plan_1  \"><div style=\"text-align:center;\" class=\"rpt_title rpt_title_1\">2 semaines<\/div><div class=\"rpt_head rpt_head_1\"><div class=\"rpt_price rpt_price_1\"><sup class=\"rpt_currency\">\u20ac<\/sup>1700<\/div><div class=\"rpt_description rpt_description_1\">14 nuits sur place (M\u00e9nage inclus, lits faits \u00e0 l\u2019arriv\u00e9e, linge de toilette et pack de premi\u00e8res n\u00e9cessit\u00e9s fournis.)<\/div><\/div><a target=\"_self\" style=\"background:#0b94bf\" class=\"rpt_foot rpt_foot_1\"><\/a><\/div><div class=\"rpt_plan   rpt_plan_2  \"><div style=\"text-align:center;\" class=\"rpt_title rpt_title_2\">3 semaines<\/div><div class=\"rpt_head rpt_head_2\"><div class=\"rpt_price rpt_price_2\"><sup class=\"rpt_currency\">\u20ac<\/sup>2525<\/div><div class=\"rpt_description rpt_description_2\">21 nuits sur place (M\u00e9nage inclus, lits faits \u00e0 l\u2019arriv\u00e9e, linge de toilette et pack de premi\u00e8res n\u00e9cessit\u00e9s fournis.)<\/div><\/div><a target=\"_self\" style=\"background:#0b94bf\" class=\"rpt_foot rpt_foot_2\"><\/a><\/div><div class=\"rpt_plan   rpt_plan_3  \"><div style=\"text-align:center;\" class=\"rpt_title rpt_title_3\">4 semaines<\/div><div class=\"rpt_head rpt_head_3\"><div class=\"rpt_description rpt_description_3\">28 nuits sur place (M\u00e9nage inclus, lits faits \u00e0 l\u2019arriv\u00e9e, linge de toilette et pack de premi\u00e8res n\u00e9cessit\u00e9s fournis.)<\/div><\/div><a target=\"_self\" href=\"#\" style=\"background:#0b94bf\" class=\"rpt_foot rpt_foot_3\">Nous consulter<\/a><\/div><\/div><\/div><div style=\"clear:both;\"><\/div>\n<p>&nbsp;<\/p>\n<div id=\"rpt_pricr\" class=\"rpt_plans rpt_4_plans rpt_style_basic\"><div class=\" rpt_sm_subtitle rpt_sm_price rpt_sm_recurrence rpt_sm_features rpt_sm_button\"><div class=\"rpt_plan   rpt_plan_0  \"><div style=\"text-align:center;\" class=\"rpt_title rpt_title_0\">Autres dur\u00e9es<\/div><div class=\"rpt_head rpt_head_0\"><div class=\"rpt_description rpt_description_0\">Pour toutes autres dur\u00e9es de s\u00e9jour<\/div><\/div><a target=\"_blank\" href=\"#\" style=\"background:#0b94bf\" class=\"rpt_foot rpt_foot_0\">Nous consulter<\/a><\/div><div class=\"rpt_plan   rpt_plan_1  \"><div style=\"text-align:center;\" class=\"rpt_title rpt_title_1\">Cabine de plage<\/div><div class=\"rpt_head rpt_head_1\"><div class=\"rpt_description rpt_description_1\">sous r\u00e9serve de disponibilit\u00e9.<\/div><\/div><a target=\"_blank\" href=\"#\" style=\"background:#0b94bf\" class=\"rpt_foot rpt_foot_1\">Nous consulter<\/a><\/div><div class=\"rpt_plan   rpt_plan_2  \"><div style=\"text-align:center;\" class=\"rpt_title rpt_title_2\">N\u00e9cessaires b\u00e9b\u00e9<\/div><div class=\"rpt_head rpt_head_2\"><div class=\"rpt_description rpt_description_2\">sous r\u00e9serve de disponibilit\u00e9.<\/div><\/div><a target=\"_blank\" href=\"#\" style=\"background:#0b94bf\" class=\"rpt_foot rpt_foot_2\">Nous consulter<\/a><\/div><div class=\"rpt_plan   rpt_plan_3  \"><div style=\"text-align:center;\" class=\"rpt_title rpt_title_3\">Autres demandes particuli\u00e8res<\/div><div class=\"rpt_head rpt_head_3\"><\/div><a target=\"_blank\" href=\"#\" style=\"background:#0b94bf\" class=\"rpt_foot rpt_foot_3\">Nous consulter<\/a><\/div><\/div><\/div><div style=\"clear:both;\"><\/div>\n<p>&nbsp;<\/p>\n<p>&nbsp;<\/p>\n<p>Les arriv\u00e9es se font \u00e0 partir de 15 h, les d\u00e9parts se font avant 10 h.<br \/>\nCes prix sont TTC et toutes charges comprises (taxe de s\u00e9jour incluse).<\/p>\n<p><strong>Afin de bloquer votre\u00a0 r\u00e9servation, vous pouvez verser des arrhes * :<\/strong><\/p>\n<form action=\"https:\/\/www.paypal.com\/cgi-bin\/webscr\" method=\"post\" target=\"paypal\"><input name=\"cmd\" type=\"hidden\" value=\"_s-xclick\" \/><br \/>\n<input name=\"hosted_button_id\" type=\"hidden\" value=\"629H4LBGD3V6C\" \/><\/p>\n<table>\n<tbody>\n<tr>\n<td><input name=\"on0\" type=\"hidden\" value=\"Arrhes location\" \/>Arrhes location<\/td>\n<\/tr>\n<tr>\n<td><select name=\"os0\"><option value=\"1 semaine\">1 semaine \u20ac263,00 EUR<\/option><option value=\"2 semaines\">2 semaines \u20ac510,00 EUR<\/option><option value=\"3 semaines\">3 semaines \u20ac758,00 EUR<\/option><option value=\"2 nuits\">2 nuits \u20ac90,00 EUR<\/option><option value=\"3 nuits\">3 nuits \u20ac128,00 EUR<\/option><option value=\"4 nuits\">4 nuits \u20ac165,00 EUR<\/option><option value=\"5 nuits\">5 nuits \u20ac203,00 EUR<\/option><option value=\"6 nuits\">6 nuits \u20ac240,00 EUR<\/option><\/select><\/td>\n<\/tr>\n<\/tbody>\n<\/table>\n<p><input name=\"currency_code\" type=\"hidden\" value=\"EUR\" \/><br \/>\n<input alt=\"PayPal, le r\u00e9flexe s\u00e9curit\u00e9 pour payer en ligne\" name=\"submit\" src=\"https:\/\/www.paypalobjects.com\/fr_FR\/FR\/i\/btn\/btn_cart_LG.gif\" type=\"image\" \/><br \/>\n<img decoding=\"async\" src=\"https:\/\/www.paypalobjects.com\/fr_FR\/i\/scr\/pixel.gif\" alt=\"\" width=\"1\" height=\"1\" border=\"0\" \/><\/p>\n<\/form>\n<p>Si vous souhaitez faire une demande de renseignements, merci de remplir le formulaire ci-dessous (<strong><a href=\"https:\/\/villalegrandlarge.fr\/mers\/disponibilites-appartement-front-de-mer\/\">vous pouvez voir les disponibilit\u00e9s ici<\/a><\/strong>) :<\/p>\n<div class=\"wpforms-container wpforms-container-full\" id=\"wpforms-293\"><form id=\"wpforms-form-293\" class=\"wpforms-validate wpforms-form wpforms-ajax-form\" data-formid=\"293\" method=\"post\" enctype=\"multipart\/form-data\" action=\"\/mers\/wp-json\/wp\/v2\/pages\/1138\" data-token=\"8e81eccf917a819585f1a9eeea9f171e\" data-token-time=\"1776566637\"><noscript class=\"wpforms-error-noscript\">Veuillez activer JavaScript dans votre navigateur pour remplir ce formulaire.<\/noscript><div class=\"wpforms-field-container\"><div id=\"wpforms-293-field_2-container\" class=\"wpforms-field wpforms-field-text\" data-field-id=\"2\"><label class=\"wpforms-field-label\" for=\"wpforms-293-field_2\">Nom et Pr\u00e9nom : <span class=\"wpforms-required-label\">*<\/span><\/label><input type=\"text\" id=\"wpforms-293-field_2\" class=\"wpforms-field-medium wpforms-field-required\" name=\"wpforms[fields][2]\" required><\/div><div id=\"wpforms-293-field_3-container\" class=\"wpforms-field wpforms-field-email\" data-field-id=\"3\"><label class=\"wpforms-field-label\" for=\"wpforms-293-field_3\">E-mail : <span class=\"wpforms-required-label\">*<\/span><\/label><input type=\"email\" id=\"wpforms-293-field_3\" class=\"wpforms-field-medium wpforms-field-required\" name=\"wpforms[fields][3]\" spellcheck=\"false\" required><\/div><div id=\"wpforms-293-field_4-container\" class=\"wpforms-field wpforms-field-text\" data-field-id=\"4\"><label class=\"wpforms-field-label\" for=\"wpforms-293-field_4\">T\u00e9l\u00e9phone : <span class=\"wpforms-required-label\">*<\/span><\/label><input type=\"text\" id=\"wpforms-293-field_4\" class=\"wpforms-field-medium wpforms-field-required\" name=\"wpforms[fields][4]\" required><\/div><div id=\"wpforms-293-field_5-container\" class=\"wpforms-field wpforms-field-radio\" data-field-id=\"5\"><label class=\"wpforms-field-label\">Dur\u00e9e du s\u00e9jour envisag\u00e9e :<\/label><ul id=\"wpforms-293-field_5\"><li class=\"choice-1 depth-1\"><input type=\"radio\" id=\"wpforms-293-field_5_1\" name=\"wpforms[fields][5]\" value=\"Week-end (2 nuit\u00e9es minimum)\"  ><label class=\"wpforms-field-label-inline\" for=\"wpforms-293-field_5_1\">Week-end (2 nuit\u00e9es minimum)<\/label><\/li><li class=\"choice-2 depth-1\"><input type=\"radio\" id=\"wpforms-293-field_5_2\" name=\"wpforms[fields][5]\" value=\"Semaine\"  ><label class=\"wpforms-field-label-inline\" for=\"wpforms-293-field_5_2\">Semaine<\/label><\/li><li class=\"choice-3 depth-1\"><input type=\"radio\" id=\"wpforms-293-field_5_3\" name=\"wpforms[fields][5]\" value=\"Mid-week\"  ><label class=\"wpforms-field-label-inline\" for=\"wpforms-293-field_5_3\">Mid-week<\/label><\/li><li class=\"choice-4 depth-1\"><input type=\"radio\" id=\"wpforms-293-field_5_4\" name=\"wpforms[fields][5]\" value=\"Autre\"  ><label class=\"wpforms-field-label-inline\" for=\"wpforms-293-field_5_4\">Autre<\/label><\/li><\/ul><\/div><div id=\"wpforms-293-field_10-container\" class=\"wpforms-field wpforms-field-number\" data-field-id=\"10\"><label class=\"wpforms-field-label\" for=\"wpforms-293-field_10\">Nombre d&#039;adultes <span class=\"wpforms-required-label\">*<\/span><\/label><input type=\"number\" id=\"wpforms-293-field_10\" class=\"wpforms-field-medium wpforms-field-required\" name=\"wpforms[fields][10]\" step=\"any\" required><\/div><div id=\"wpforms-293-field_15-container\" class=\"wpforms-field wpforms-field-number\" data-field-id=\"15\"><label class=\"wpforms-field-label\" for=\"wpforms-293-field_15\">Nombre d&#039;enfants (+ 12 ans) <span class=\"wpforms-required-label\">*<\/span><\/label><input type=\"number\" id=\"wpforms-293-field_15\" class=\"wpforms-field-medium wpforms-field-required\" name=\"wpforms[fields][15]\" step=\"any\" required><\/div><div id=\"wpforms-293-field_11-container\" class=\"wpforms-field wpforms-field-number\" data-field-id=\"11\"><label class=\"wpforms-field-label\" for=\"wpforms-293-field_11\">Nombre d&#039;enfants (- de 12 ans) <span class=\"wpforms-required-label\">*<\/span><\/label><input type=\"number\" id=\"wpforms-293-field_11\" class=\"wpforms-field-medium wpforms-field-required\" name=\"wpforms[fields][11]\" step=\"any\" required><\/div><div id=\"wpforms-293-field_8-container\" class=\"wpforms-field wpforms-field-text\" data-field-id=\"8\"><label class=\"wpforms-field-label\" for=\"wpforms-293-field_8\">Date d&#039;arriv\u00e9e souhait\u00e9e : <span class=\"wpforms-required-label\">*<\/span><\/label><input type=\"text\" id=\"wpforms-293-field_8\" class=\"wpforms-field-medium wpforms-field-required\" name=\"wpforms[fields][8]\" required><\/div><div id=\"wpforms-293-field_12-container\" class=\"wpforms-field wpforms-field-text\" data-field-id=\"12\"><label class=\"wpforms-field-label\" for=\"wpforms-293-field_12\">Date de d\u00e9part souhait\u00e9e : <span class=\"wpforms-required-label\">*<\/span><\/label><input type=\"text\" id=\"wpforms-293-field_12\" class=\"wpforms-field-medium wpforms-field-required\" name=\"wpforms[fields][12]\" required><\/div><div id=\"wpforms-293-field_9-container\" class=\"wpforms-field wpforms-field-textarea\" data-field-id=\"9\"><label class=\"wpforms-field-label\" for=\"wpforms-293-field_9\">Informations compl\u00e9mentaires :<\/label><textarea id=\"wpforms-293-field_9\" class=\"wpforms-field-medium\" name=\"wpforms[fields][9]\" ><\/textarea><\/div><div id=\"wpforms-293-field_13-container\" class=\"wpforms-field wpforms-field-gdpr-checkbox\" data-field-id=\"13\"><label class=\"wpforms-field-label\">Accord RGPD <span class=\"wpforms-required-label\">*<\/span><\/label><ul id=\"wpforms-293-field_13\" class=\"wpforms-field-required\"><li class=\"choice-1\"><input type=\"checkbox\" id=\"wpforms-293-field_13_1\" name=\"wpforms[fields][13][]\" value=\"Je consens \u00e0 ce que ce site stocke mes informations envoy\u00e9es afin qu\u2019ils puissent r\u00e9pondre \u00e0 ma requ\u00eate.\" required ><label class=\"wpforms-field-label-inline\" for=\"wpforms-293-field_13_1\">Je consens \u00e0 ce que ce site stocke mes informations envoy\u00e9es afin qu\u2019ils puissent r\u00e9pondre \u00e0 ma requ\u00eate.<\/label><\/li><\/ul><\/div><\/div><!-- .wpforms-field-container --><div class=\"wpforms-recaptcha-container wpforms-is-recaptcha wpforms-is-recaptcha-type-v3\" ><input type=\"hidden\" name=\"wpforms[recaptcha]\" value=\"\"><\/div><div class=\"wpforms-submit-container\" ><input type=\"hidden\" name=\"wpforms[id]\" value=\"293\"><input type=\"hidden\" name=\"page_title\" value=\"\"><input type=\"hidden\" name=\"page_url\" value=\"https:\/\/villalegrandlarge.fr\/mers\/wp-json\/wp\/v2\/pages\/1138\"><input type=\"hidden\" name=\"url_referer\" value=\"\"><button type=\"submit\" name=\"wpforms[submit]\" id=\"wpforms-submit-293\" class=\"wpforms-submit\" data-alt-text=\"Envoi...\" data-submit-text=\"Envoyer ma demande\" aria-live=\"assertive\" value=\"wpforms-submit\">Envoyer ma demande<\/button><img decoding=\"async\" src=\"https:\/\/villalegrandlarge.fr\/mers\/wp-content\/plugins\/wpforms-lite\/assets\/images\/submit-spin.svg\" class=\"wpforms-submit-spinner\" style=\"display: none;\" width=\"26\" height=\"26\" alt=\"Chargement en cours\"><\/div><\/form><\/div>  <!-- .wpforms-container -->\n<p>&nbsp;<\/p>\n<p>&nbsp;<\/p>\n<p>&nbsp;<\/p>\n<p>&nbsp;<\/p>\n<div id=\"WidgetFloaterPanels\" class=\"LTRStyle\" style=\"display: none; text-align: left; direction: ltr; visibility: hidden;\" translate=\"no\">\n<div id=\"WidgetFloater\" style=\"display: none;\">\n<div id=\"WidgetLogoPanel\"><span id=\"WidgetTranslateWithSpan\">TRANSLATE with <img id=\"FloaterLogo\" \/><\/span> <span id=\"WidgetCloseButton\" title=\"Exit Translation\">x<\/span><\/div>\n<div id=\"LanguageMenuPanel\">\n<div class=\"DDStyle_outer\">\n<p><input id=\"LanguageMenu_svid\" style=\"display: none;\" autocomplete=\"on\" name=\"LanguageMenu_svid\" type=\"text\" value=\"en\" \/> <input id=\"LanguageMenu_textid\" style=\"display: none;\" autocomplete=\"on\" name=\"LanguageMenu_textid\" type=\"text\" \/> <span id=\"__LanguageMenu_header\" class=\"DDStyle\" tabindex=\"0\">English<\/span><\/p>\n<div style=\"position: relative; text-align: left; left: 0;\">\n<div style=\"position: absolute; ;left: 0px;\">\n<div id=\"__LanguageMenu_popup\" class=\"DDStyle\" style=\"display: none;\">\n<table id=\"LanguageMenu\" border=\"0\">\n<tbody>\n<tr>\n<td><a tabindex=\"-1\" href=\"#ar\">Arabic<\/a><\/td>\n<td><a tabindex=\"-1\" href=\"#he\">Hebrew<\/a><\/td>\n<td><a tabindex=\"-1\" href=\"#pl\">Polish<\/a><\/td>\n<\/tr>\n<tr>\n<td><a tabindex=\"-1\" href=\"#bg\">Bulgarian<\/a><\/td>\n<td><a tabindex=\"-1\" href=\"#hi\">Hindi<\/a><\/td>\n<td><a tabindex=\"-1\" href=\"#pt\">Portuguese<\/a><\/td>\n<\/tr>\n<tr>\n<td><a tabindex=\"-1\" href=\"#ca\">Catalan<\/a><\/td>\n<td><a tabindex=\"-1\" href=\"#mww\">Hmong Daw<\/a><\/td>\n<td><a tabindex=\"-1\" href=\"#ro\">Romanian<\/a><\/td>\n<\/tr>\n<tr>\n<td><a tabindex=\"-1\" href=\"#zh-CHS\">Chinese Simplified<\/a><\/td>\n<td><a tabindex=\"-1\" href=\"#hu\">Hungarian<\/a><\/td>\n<td><a tabindex=\"-1\" href=\"#ru\">Russian<\/a><\/td>\n<\/tr>\n<tr>\n<td><a tabindex=\"-1\" href=\"#zh-CHT\">Chinese Traditional<\/a><\/td>\n<td><a tabindex=\"-1\" href=\"#id\">Indonesian<\/a><\/td>\n<td><a tabindex=\"-1\" href=\"#sk\">Slovak<\/a><\/td>\n<\/tr>\n<tr>\n<td><a tabindex=\"-1\" href=\"#cs\">Czech<\/a><\/td>\n<td><a tabindex=\"-1\" href=\"#it\">Italian<\/a><\/td>\n<td><a tabindex=\"-1\" href=\"#sl\">Slovenian<\/a><\/td>\n<\/tr>\n<tr>\n<td><a tabindex=\"-1\" href=\"#da\">Danish<\/a><\/td>\n<td><a tabindex=\"-1\" href=\"#ja\">Japanese<\/a><\/td>\n<td><a tabindex=\"-1\" href=\"#es\">Spanish<\/a><\/td>\n<\/tr>\n<tr>\n<td><a tabindex=\"-1\" href=\"#nl\">Dutch<\/a><\/td>\n<td><a tabindex=\"-1\" href=\"#tlh\">Klingon<\/a><\/td>\n<td><a tabindex=\"-1\" href=\"#sv\">Swedish<\/a><\/td>\n<\/tr>\n<tr>\n<td><a tabindex=\"-1\" href=\"#en\">English<\/a><\/td>\n<td><a tabindex=\"-1\" href=\"#ko\">Korean<\/a><\/td>\n<td><a tabindex=\"-1\" href=\"#th\">Thai<\/a><\/td>\n<\/tr>\n<tr>\n<td><a tabindex=\"-1\" href=\"#et\">Estonian<\/a><\/td>\n<td><a tabindex=\"-1\" href=\"#lv\">Latvian<\/a><\/td>\n<td><a tabindex=\"-1\" href=\"#tr\">Turkish<\/a><\/td>\n<\/tr>\n<tr>\n<td><a tabindex=\"-1\" href=\"#fi\">Finnish<\/a><\/td>\n<td><a tabindex=\"-1\" href=\"#lt\">Lithuanian<\/a><\/td>\n<td><a tabindex=\"-1\" href=\"#uk\">Ukrainian<\/a><\/td>\n<\/tr>\n<tr>\n<td><a tabindex=\"-1\" href=\"#fr\">French<\/a><\/td>\n<td><a tabindex=\"-1\" href=\"#ms\">Malay<\/a><\/td>\n<td><a tabindex=\"-1\" href=\"#ur\">Urdu<\/a><\/td>\n<\/tr>\n<tr>\n<td><a tabindex=\"-1\" href=\"#de\">German<\/a><\/td>\n<td><a tabindex=\"-1\" href=\"#mt\">Maltese<\/a><\/td>\n<td><a tabindex=\"-1\" href=\"#vi\">Vietnamese<\/a><\/td>\n<\/tr>\n<tr>\n<td><a tabindex=\"-1\" href=\"#el\">Greek<\/a><\/td>\n<td><a tabindex=\"-1\" href=\"#no\">Norwegian<\/a><\/td>\n<td><a tabindex=\"-1\" href=\"#cy\">Welsh<\/a><\/td>\n<\/tr>\n<tr>\n<td><a tabindex=\"-1\" href=\"#ht\">Haitian Creole<\/a><\/td>\n<td><a tabindex=\"-1\" href=\"#fa\">Persian<\/a><\/td>\n<td><\/td>\n<\/tr>\n<\/tbody>\n<\/table>\n<p><img style=\"height: 7px; width: 17px; border-width: 0px; left: 20px;\" alt=\"\" \/><\/p>\n<\/div>\n<\/div>\n<\/div>\n<\/div>\n<p><script type=\"text\/javascript\"> var LanguageMenu; var LanguageMenu_keys=[\"ar\",\"bg\",\"ca\",\"zh-CHS\",\"zh-CHT\",\"cs\",\"da\",\"nl\",\"en\",\"et\",\"fi\",\"fr\",\"de\",\"el\",\"ht\",\"he\",\"hi\",\"mww\",\"hu\",\"id\",\"it\",\"ja\",\"tlh\",\"ko\",\"lv\",\"lt\",\"ms\",\"mt\",\"no\",\"fa\",\"pl\",\"pt\",\"ro\",\"ru\",\"sk\",\"sl\",\"es\",\"sv\",\"th\",\"tr\",\"uk\",\"ur\",\"vi\",\"cy\"]; var LanguageMenu_values=[\"Arabic\",\"Bulgarian\",\"Catalan\",\"Chinese Simplified\",\"Chinese Traditional\",\"Czech\",\"Danish\",\"Dutch\",\"English\",\"Estonian\",\"Finnish\",\"French\",\"German\",\"Greek\",\"Haitian Creole\",\"Hebrew\",\"Hindi\",\"Hmong Daw\",\"Hungarian\",\"Indonesian\",\"Italian\",\"Japanese\",\"Klingon\",\"Korean\",\"Latvian\",\"Lithuanian\",\"Malay\",\"Maltese\",\"Norwegian\",\"Persian\",\"Polish\",\"Portuguese\",\"Romanian\",\"Russian\",\"Slovak\",\"Slovenian\",\"Spanish\",\"Swedish\",\"Thai\",\"Turkish\",\"Ukrainian\",\"Urdu\",\"Vietnamese\",\"Welsh\"]; var LanguageMenu_callback=function(){ }; var LanguageMenu_popupid='__LanguageMenu_popup'; <\/script><\/p>\n<\/div>\n<div id=\"CTFLinksPanel\"><span id=\"ExternalLinksPanel\"><a id=\"HelpLink\" title=\"Help\" href=\"https:\/\/go.microsoft.com\/?linkid=9722454\" target=\"_blank\" rel=\"noopener\"> <img id=\"HelpImg\" \/><\/a> <a id=\"EmbedLink\" title=\"Get this widget for your own site\"><\/a> <img id=\"EmbedImg\" \/> <a id=\"ShareLink\" title=\"Share translated page with friends\"><\/a> <img id=\"ShareImg\" \/> <\/span><\/div>\n<div id=\"FloaterProgressBar\"><\/div>\n<\/div>\n<div id=\"WidgetFloaterCollapsed\" style=\"display: none;\">TRANSLATE with <img id=\"CollapsedLogoImg\" \/><\/div>\n<div id=\"FloaterSharePanel\" style=\"display: none;\">\n<div id=\"ShareTextDiv\"><span id=\"ShareTextSpan\"> COPY THE URL BELOW <\/span><\/div>\n<div id=\"ShareTextboxDiv\"><input id=\"ShareTextbox\" name=\"ShareTextbox\" readonly=\"readonly\" type=\"text\" \/> <!--a id=\"TwitterLink\" title=\"Share on Twitter\"> <img id=\"TwitterImg\" \/><\/a> <a-- id=\"FacebookLink\" title=\"Share on Facebook\"> <img id=\"FacebookImg\" \/><\/a--> <a id=\"EmailLink\" title=\"Email this translation\"><\/a> <img id=\"EmailImg\" \/><\/div>\n<div id=\"ShareFooter\"><span id=\"ShareHelpSpan\"><a id=\"ShareHelpLink\"><\/a> <img id=\"ShareHelpImg\" \/><\/span> <span id=\"ShareBackSpan\"><a id=\"ShareBack\" title=\"Back To Translation\"><\/a> Back<\/span><\/div>\n<p><input id=\"EmailSubject\" name=\"EmailSubject\" type=\"hidden\" value=\"Check out this page in {0} translated from {1}\" \/> <input id=\"EmailBody\" name=\"EmailBody\" type=\"hidden\" value=\"Translated: {0}%0d%0aOriginal: {1}%0d%0a%0d%0aAutomatic translation powered by Microsoft\u00ae Translator%0d%0ahttp:\/\/www.bing.com\/translator?ref=MSTWidget\" \/> <input id=\"ShareHelpText\" type=\"hidden\" value=\"This link allows visitors to launch this page and automatically translate it to {0}.\" \/><\/p>\n<\/div>\n<div id=\"FloaterEmbed\" style=\"display: none;\">\n<div id=\"EmbedTextDiv\"><span id=\"EmbedTextSpan\">EMBED THE SNIPPET BELOW IN YOUR SITE<\/span> <a id=\"EmbedHelpLink\" title=\"Copy this code and place it into your HTML.\"><\/a> <img id=\"EmbedHelpImg\" \/><\/div>\n<div id=\"EmbedTextboxDiv\"><input id=\"EmbedSnippetTextBox\" name=\"EmbedSnippetTextBox\" readonly=\"readonly\" type=\"text\" value=\"&lt;div id='MicrosoftTranslatorWidget' class='Dark' style='color:white;background-color:#555555'&gt;&lt;\/div&gt;&lt;script type='text\/javascript'&gt;setTimeout(function(){var s=document.createElement('script');s.type='text\/javascript';s.charset='UTF-8';s.src=((location &amp;&amp; location.href &amp;&amp; location.href.indexOf('https') == 0)?'https:\/\/ssl.microsofttranslator.com':'http:\/\/www.microsofttranslator.com')+'\/ajax\/v3\/WidgetV3.ashx?siteData=ueOIGRSKkd965FeEGM5JtQ**&amp;ctf=true&amp;ui=true&amp;settings=manual&amp;from=en';var p=document.getElementsByTagName('head')[0]||document.documentElement;p.insertBefore(s,p.firstChild); },0);&lt;\/script&gt;\" \/><\/div>\n<div id=\"EmbedNoticeDiv\"><span id=\"EmbedNoticeSpan\">Enable collaborative features and customize widget: <a href=\"http:\/\/www.bing.com\/widget\/translator\" target=\"_blank\" rel=\"noopener\">Bing Webmaster Portal<\/a><\/span><\/div>\n<div id=\"EmbedFooterDiv\"><span id=\"EmbedBackSpan\"><a title=\"Back To Translation\">Back<\/a><\/span><\/div>\n<\/div>\n<p><script type=\"text\/javascript\"> var intervalId = setInterval(function () { if (MtPopUpList) { LanguageMenu = new MtPopUpList(); var langMenu = document.getElementById(LanguageMenu_popupid); var origLangDiv = document.createElement(\"div\"); origLangDiv.id = \"OriginalLanguageDiv\"; origLangDiv.innerHTML = \"<span id='OriginalTextSpan'>ORIGINAL: <\/span><span id='OriginalLanguageSpan'><\/span>\"; langMenu.appendChild(origLangDiv); LanguageMenu.Init('LanguageMenu', LanguageMenu_keys, LanguageMenu_values, LanguageMenu_callback, LanguageMenu_popupid); window[\"LanguageMenu\"] = LanguageMenu; clearInterval(intervalId); } }, 1); <\/script><\/p>\n<\/div>\n","protected":false},"excerpt":{"rendered":"<p>Tarifs 2025-2026 &nbsp; &nbsp; &nbsp; &nbsp; &nbsp; Les arriv\u00e9es se font \u00e0 partir de 15 h, les d\u00e9parts se font avant 10 h. Ces prix sont TTC et toutes charges comprises (taxe de s\u00e9jour incluse). Afin de bloquer votre\u00a0 r\u00e9servation, vous pouvez verser des arrhes * : Arrhes location 1 semaine \u20ac263,00 EUR2 semaines \u20ac510,00 &#8230;<\/p>\n","protected":false},"author":1,"featured_media":0,"parent":0,"menu_order":8,"comment_status":"closed","ping_status":"closed","template":"","meta":{"footnotes":""},"class_list":["post-1138","page","type-page","status-publish","hentry"],"_links":{"self":[{"href":"https:\/\/villalegrandlarge.fr\/mers\/wp-json\/wp\/v2\/pages\/1138","targetHints":{"allow":["GET"]}}],"collection":[{"href":"https:\/\/villalegrandlarge.fr\/mers\/wp-json\/wp\/v2\/pages"}],"about":[{"href":"https:\/\/villalegrandlarge.fr\/mers\/wp-json\/wp\/v2\/types\/page"}],"author":[{"embeddable":true,"href":"https:\/\/villalegrandlarge.fr\/mers\/wp-json\/wp\/v2\/users\/1"}],"replies":[{"embeddable":true,"href":"https:\/\/villalegrandlarge.fr\/mers\/wp-json\/wp\/v2\/comments?post=1138"}],"version-history":[{"count":12,"href":"https:\/\/villalegrandlarge.fr\/mers\/wp-json\/wp\/v2\/pages\/1138\/revisions"}],"predecessor-version":[{"id":1157,"href":"https:\/\/villalegrandlarge.fr\/mers\/wp-json\/wp\/v2\/pages\/1138\/revisions\/1157"}],"wp:attachment":[{"href":"https:\/\/villalegrandlarge.fr\/mers\/wp-json\/wp\/v2\/media?parent=1138"}],"curies":[{"name":"wp","href":"https:\/\/api.w.org\/{rel}","templated":true}]}}