{"id":139,"date":"2022-04-05T11:30:49","date_gmt":"2022-04-05T09:30:49","guid":{"rendered":"https:\/\/villalegrandlarge.fr\/mers\/?page_id=139"},"modified":"2025-08-09T15:54:59","modified_gmt":"2025-08-09T13:54:59","slug":"contact-resa-location-mers","status":"publish","type":"page","link":"https:\/\/villalegrandlarge.fr\/mers\/contact-resa-location-mers\/","title":{"rendered":"Contact"},"content":{"rendered":"<h1>Demande de renseignements ou de pr\u00e9-r\u00e9servation<\/h1>\n<p>Vous pouvez commencer par v\u00e9rifier <a href=\"https:\/\/villalegrandlarge.fr\/mers\/disponibilites-appartement-front-de-mer\/\" target=\"_blank\" rel=\"noopener\">les disponibilit\u00e9s &gt;&gt; ICI &lt;&lt;<\/a><\/p>\n<div class=\"contact_form_wrap\">\n\t<div class=\"success\" style=\"display:none;\"><div class=\"message_box_content\">Merci pour votre demande. Nous reviendrons vers vous dans les plus brefs d\u00e9lais.<\/div><\/div> \n\t<form class=\"contact_form\" action=\"\/mers\/wp-json\/wp\/v2\/pages\/139\" method=\"post\" novalidate=\"novalidate\">\n\t\t<p><input type=\"text\" required=\"required\" id=\"contact_1675_name\" name=\"contact_1675_name\" class=\"text_input\" value=\"\" tabindex=\"5\" \/>\n\t\t<label for=\"contact_1675_name\">Nom *<\/label><\/p>\n\t\t<p><input type=\"email\" required=\"required\" id=\"contact_1675_email\" name=\"contact_1675_email\" class=\"text_input\" value=\"\" tabindex=\"6\"  \/>\n\t\t<label for=\"contact_1675_email\">Email *<\/label><\/p>\n\t\t<p><textarea required=\"required\" name=\"contact_1675_content\" class=\"textarea\" cols=\"30\" rows=\"5\" tabindex=\"7\"><\/textarea><\/p>\n\t\t<p><input id=\"contact_1675_consent\" name=\"contact_1675_consent\" tabindex=\"8\" type=\"checkbox\" value=\"yes\" \/><label for=\"contact_1675_consent\">Je donne mon autorisation pour collecter mes informations afin de me contacter.<\/label><\/p>\n\t\t<p><button  type=\"submit\" class=\"button white\" tabindex=\"8\"><span>Envoyer ma demande<\/span><\/button><\/p>\n\t\t<input type=\"hidden\" value=\"1\" name=\"theme_contact_form_submit\"\/>\n\t\t<input type=\"hidden\" value=\"1675\" name=\"contact_widget_id\"\/>\n\t\t<input type=\"hidden\" value=\"villalegrandlarge*gmail.com\" name=\"contact_1675_to\"\/>\n\t<\/form>\n<\/div>\n<p><em>\u00ab <a href=\"https:\/\/villalegrandlarge.fr\/mers\/politique-de-confidentialite\/\" target=\"_blank\" rel=\"noopener\">Les informations recueillies font l\u2019objet d\u2019un traitement informatique destin\u00e9 \u00e0 recevoir votre demande en vue d\u2019une demande d\u2019information<\/a>. Le destinataire des donn\u00e9es est Olivier Pouilly.<\/em><\/p>\n<p><em>Conform\u00e9ment \u00e0 la loi \u00ab informatique et libert\u00e9s \u00bb du 6 janvier 1978 modifi\u00e9e en 2004, vous b\u00e9n\u00e9ficiez d\u2019un droit d\u2019acc\u00e8s et de rectification aux informations qui vous concernent, que vous pouvez exercer en vous adressant \u00e0 La villa le grand large \u2013 Olivier Pouilly via le formulaire ci-dessus.<\/em><\/p>\n<p><em>Vous pouvez \u00e9galement, pour des motifs l\u00e9gitimes, vous opposer au traitement des donn\u00e9es vous concernant. <a href=\"https:\/\/villalegrandlarge.fr\/mers\/politique-de-confidentialite\/\" target=\"_blank\" rel=\"noopener\">Voir la politique de confidentialit\u00e9<\/a>.<br \/>\n<\/em><\/p>\n<p><em>Merci de votre compr\u00e9hension.<\/em><\/p>\n<p><em><strong>Suivez-nous sur les r\u00e9seaux sociaux<\/strong><\/em><\/p>\n<p><a href=\"https:\/\/wa.me\/message\/7QR5QGVCOHVKD1\" target=\"_blank\" rel=\"noopener\"><img decoding=\"async\" class=\"wp-image-1125 alignleft\" src=\"https:\/\/villalegrandlarge.fr\/mers\/wp-content\/uploads\/whatsapp-120.png\" alt=\"whatsapp\" width=\"40\" height=\"40\" \/><\/a><\/p>\n<p><a href=\"https:\/\/www.instagram.com\/la_villa_le_grand_large\/\" target=\"_blank\" rel=\"noopener\"><img decoding=\"async\" class=\"alignleft wp-image-383\" src=\"https:\/\/villalegrandlarge.fr\/mers\/wp-content\/uploads\/instagram-villa-legrandlarge.png\" alt=\"\" width=\"40\" height=\"40\" \/><\/a><a href=\"https:\/\/www.facebook.com\/villalegrandlarge\" target=\"_blank\" rel=\"noopener\"><img decoding=\"async\" class=\"alignleft wp-image-382\" src=\"https:\/\/villalegrandlarge.fr\/mers\/wp-content\/uploads\/facebook-villa-legrandlarge.png\" alt=\"\" width=\"40\" height=\"40\" \/><\/a><\/p>\n","protected":false},"excerpt":{"rendered":"<p>Demande de renseignements ou de pr\u00e9-r\u00e9servation Vous pouvez commencer par v\u00e9rifier les disponibilit\u00e9s &gt;&gt; ICI &lt;&lt; \u00ab Les informations recueillies font l\u2019objet d\u2019un traitement informatique destin\u00e9 \u00e0 recevoir votre demande en vue d\u2019une demande d\u2019information. Le destinataire des donn\u00e9es est Olivier Pouilly. Conform\u00e9ment \u00e0 la loi \u00ab informatique et libert\u00e9s \u00bb du 6 janvier 1978 &#8230;<\/p>\n","protected":false},"author":1,"featured_media":0,"parent":0,"menu_order":9,"comment_status":"closed","ping_status":"closed","template":"","meta":{"footnotes":""},"class_list":["post-139","page","type-page","status-publish","hentry"],"_links":{"self":[{"href":"https:\/\/villalegrandlarge.fr\/mers\/wp-json\/wp\/v2\/pages\/139","targetHints":{"allow":["GET"]}}],"collection":[{"href":"https:\/\/villalegrandlarge.fr\/mers\/wp-json\/wp\/v2\/pages"}],"about":[{"href":"https:\/\/villalegrandlarge.fr\/mers\/wp-json\/wp\/v2\/types\/page"}],"author":[{"embeddable":true,"href":"https:\/\/villalegrandlarge.fr\/mers\/wp-json\/wp\/v2\/users\/1"}],"replies":[{"embeddable":true,"href":"https:\/\/villalegrandlarge.fr\/mers\/wp-json\/wp\/v2\/comments?post=139"}],"version-history":[{"count":16,"href":"https:\/\/villalegrandlarge.fr\/mers\/wp-json\/wp\/v2\/pages\/139\/revisions"}],"predecessor-version":[{"id":1133,"href":"https:\/\/villalegrandlarge.fr\/mers\/wp-json\/wp\/v2\/pages\/139\/revisions\/1133"}],"wp:attachment":[{"href":"https:\/\/villalegrandlarge.fr\/mers\/wp-json\/wp\/v2\/media?parent=139"}],"curies":[{"name":"wp","href":"https:\/\/api.w.org\/{rel}","templated":true}]}}