{"id":178,"date":"2022-04-05T15:48:12","date_gmt":"2022-04-05T13:48:12","guid":{"rendered":"https:\/\/villalegrandlarge.fr\/mers\/?page_id=178"},"modified":"2022-04-12T11:07:38","modified_gmt":"2022-04-12T09:07:38","slug":"cayeux-sur-mer","status":"publish","type":"page","link":"https:\/\/villalegrandlarge.fr\/mers\/region-normandie-baie-de-somme\/cayeux-sur-mer\/","title":{"rendered":"Cayeux-sur-Mer"},"content":{"rendered":"<h1><strong>Cayeux-sur-Mer<\/strong><\/h1>\n<h2><strong>(Cayeux tire son nom du mot picard qui signifie \u00ab\u00a0caillou\u00a0\u00bb), capitale mondiale du galet<\/strong><\/h2>\n<p style=\"text-align: justify;\"><strong><br \/>\nLongue de 14 Km, la plage de Cayeux-sur-Mer s\u2019\u00e9tire de l\u2019extr\u00e9mit\u00e9 sud de la station jusqu\u2019\u00e0 la Pointe Hourdel.<\/strong><\/p>\n<p style=\"text-align: justify;\"><img decoding=\"async\" class=\"alignleft size-medium wp-image-378\" src=\"http:\/\/www.hotel-cayeux-baiedesomme.fr\/wp-content\/uploads\/011-Copier-300x200.jpg\" alt=\"011-copier\" width=\"300\" height=\"200\" \/>Station bourgeoise au d\u00e9but du 19\u00e8me si\u00e8cle, Cayeux-sur-Mer est aujourd\u2019hui une petite station o\u00f9 il fait bon vivre en famille : farniente, activit\u00e9s de bord de mer et manifestations en tous genres \u00e9gaieront votre s\u00e9jour.<\/p>\n<p style=\"text-align: justify;\">A mar\u00e9e haute, les visiteurs pourront profiter pleinement de la zone de baignade surveill\u00e9e, situ\u00e9e au centre de la station et b\u00e9n\u00e9ficier des joies des \u00abBains de mer\u00bb. A mar\u00e9e basse, une grandiose plage de sable appara\u00eet afin de laisser libre court aux activit\u00e9s de plein air : kite-surf, cerf-volant, ch\u00e2teaux de sable, kayak de mer, p\u00eache \u00e0 pied, promenades&#8230; En effet, cette immensit\u00e9 pr\u00e9serv\u00e9e de tout artifice et vierge de toute construction favorise l\u2019\u00e9vasion, tant physique que morale.<\/p>\n<p style=\"text-align: justify;\">Le spectacle offert depuis le chemin de planches, ourl\u00e9 de pr\u00e9s de 420 cabines de plage, par l\u2019\u00e9tendue des paysages et des lumi\u00e8res sans cesse renouvel\u00e9es, laisse g\u00e9n\u00e9ralement les visiteurs ne connaissant pas Cayeux-sur-Mer et la Baie de Somme sans voix.<\/p>\n<p style=\"text-align: justify;\"><em><strong>Quelques bonnes id\u00e9es : <\/strong><\/em>\u00ab Les march\u00e9s aux senteurs enivrantes, l\u2019iode qui se fait de plus en plus pr\u00e9sente \u00e0 mesure que l\u2019on s\u2019approche de la plage, le pass\u00e9 maritime, les manifestations encr\u00e9es dans la vie locale, conf\u00e8rent \u00e0 la station son caract\u00e8re idyllique\u2026<br \/>\nL\u2019\u00e9vasion, c\u2019est aussi enfourcher son v\u00e9lo et partir par la route blanche \u00e0 la rencontre des sauterelliers. Ces crevettes grises encore fr\u00e9tillantes, transport\u00e9es par des petits bateaux ventrus et multicolores ont un gout incomparable ! Et l\u00e0, au d\u00e9tour d\u2019un banc de sable, des phoques veaux marins et des phoques gris se pr\u00e9lassent pour notre plus grand plaisir !<br \/>\nLes jours de grandes mar\u00e9es, la plage ou le port du Hourdel offrent un panorama sensationnel : le flot monte alors \u00e0 quelques m\u00e8tres seulement des cabines aux couleurs vari\u00e9es\u2026un spectacle unique !<\/p>\n<p style=\"text-align: justify;\"><strong><span style=\"text-decoration: underline;\">Pour votre s\u00e9curit\u00e9<\/span> :<\/strong><\/p>\n<p>&#8211; V\u00e9rifiez toujours l\u2019horaire des mar\u00e9es.<br \/>\n&#8211; Fr\u00e9quentez uniquement les zones de baignade surveill\u00e9es et respectez les consignes des sauveteurs de la SNSM<br \/>\n&#8211; Sortez de la Baie 3 heures avant la pleine mer !<\/p>\n<p><strong><span style=\"text-decoration: underline;\">Infos pratiques<\/span> :<\/strong><\/p>\n<p>Le march\u00e9 a lieu le Mardi de 8 h \u00e0 13 h, le Vendredi de 8 h \u00e0 13 h et le Dimanche de 8 h \u00e0 13 h.<\/p>\n<div class=\"divider\" style=\"border-color:transparent;padding-top:150px\"><\/div>\n","protected":false},"excerpt":{"rendered":"<p>Cayeux-sur-Mer (Cayeux tire son nom du mot picard qui signifie \u00ab\u00a0caillou\u00a0\u00bb), capitale mondiale du galet Longue de 14 Km, la plage de Cayeux-sur-Mer s\u2019\u00e9tire de l\u2019extr\u00e9mit\u00e9 sud de la station jusqu\u2019\u00e0 la Pointe Hourdel. Station bourgeoise au d\u00e9but du 19\u00e8me si\u00e8cle, Cayeux-sur-Mer est aujourd\u2019hui une petite station o\u00f9 il fait bon vivre en famille : &#8230;<\/p>\n","protected":false},"author":1,"featured_media":0,"parent":167,"menu_order":7,"comment_status":"closed","ping_status":"closed","template":"template_leftsidebar.php","meta":{"footnotes":""},"class_list":["post-178","page","type-page","status-publish","hentry"],"_links":{"self":[{"href":"https:\/\/villalegrandlarge.fr\/mers\/wp-json\/wp\/v2\/pages\/178","targetHints":{"allow":["GET"]}}],"collection":[{"href":"https:\/\/villalegrandlarge.fr\/mers\/wp-json\/wp\/v2\/pages"}],"about":[{"href":"https:\/\/villalegrandlarge.fr\/mers\/wp-json\/wp\/v2\/types\/page"}],"author":[{"embeddable":true,"href":"https:\/\/villalegrandlarge.fr\/mers\/wp-json\/wp\/v2\/users\/1"}],"replies":[{"embeddable":true,"href":"https:\/\/villalegrandlarge.fr\/mers\/wp-json\/wp\/v2\/comments?post=178"}],"version-history":[{"count":4,"href":"https:\/\/villalegrandlarge.fr\/mers\/wp-json\/wp\/v2\/pages\/178\/revisions"}],"predecessor-version":[{"id":360,"href":"https:\/\/villalegrandlarge.fr\/mers\/wp-json\/wp\/v2\/pages\/178\/revisions\/360"}],"up":[{"embeddable":true,"href":"https:\/\/villalegrandlarge.fr\/mers\/wp-json\/wp\/v2\/pages\/167"}],"wp:attachment":[{"href":"https:\/\/villalegrandlarge.fr\/mers\/wp-json\/wp\/v2\/media?parent=178"}],"curies":[{"name":"wp","href":"https:\/\/api.w.org\/{rel}","templated":true}]}}