{"id":181,"date":"2022-04-05T15:51:36","date_gmt":"2022-04-05T13:51:36","guid":{"rendered":"https:\/\/villalegrandlarge.fr\/mers\/?page_id=181"},"modified":"2022-05-11T17:15:09","modified_gmt":"2022-05-11T15:15:09","slug":"le-hable-dault","status":"publish","type":"page","link":"https:\/\/villalegrandlarge.fr\/mers\/region-normandie-baie-de-somme\/le-hable-dault\/","title":{"rendered":"Le h\u00e2ble d&rsquo;Ault"},"content":{"rendered":"<h1 style=\"text-align: justify;\"><strong>Le h\u00e2ble d&rsquo;Ault, plus de 270 esp\u00e8ces d&rsquo;oiseaux migrateurs<\/strong><\/h1>\n<p style=\"text-align: justify;\"><strong>Le h\u00e2ble d\u2019Ault est un lieu bien connu des chasseurs et des ornithologues\u2026 Il se situe au sud de la Baie de Somme, le long du littoral Picard, entre Cayeux-sur-mer et Ault, petite agglom\u00e9ration qui marque le d\u00e9but des falaises qui s\u2019\u00e9tendent ensuite vers la Normandie.<\/strong><\/p>\n<p style=\"text-align: justify;\">Le H\u00e2ble d\u2019Ault est une terre de bas-champs isol\u00e9s de la mer par un cordon de galets large d\u2019environ 80 m\u00e8tres \u00e0 la base. Ces galets, qui constituent un cordon protecteur des assauts de la mer, proviennent en fait du lent d\u00e9mant\u00e8lement des falaises de craie et de silex du littoral Normand.<\/p>\n<p style=\"text-align: justify;\">Le marais du H\u00e2ble d\u2019Ault est essentiellement connu pour la richesse de sa faune sauvage et de sa flore : en effet, plus de 270 esp\u00e8ces d\u2019oiseaux migrateurs ont \u00e9t\u00e9 recens\u00e9es depuis la fin du 19\u00e8me si\u00e8cle ainsi que pr\u00e8s de 250 esp\u00e8ces de plantes, dont certaines sont prot\u00e9g\u00e9es au niveau national tel que le chou marin.<\/p>\n<p style=\"text-align: justify;\">Zone humide historiquement fa\u00e7onn\u00e9e par et pour les chasseurs au gibier d\u2019eau, le H\u00e2ble d&rsquo;Ault et ses gravi\u00e8res sont le royaume des colverts, canards souchets, sarcelles d&rsquo;\u00e9t\u00e9, fuligules milouins et morillons, cygnes tubercul\u00e9s, vanneaux hupp\u00e9s, bergeronnettes, b\u00e9casseaux et chevaliers gambettes&#8230;<\/p>\n<p style=\"text-align: justify;\">Les zones de galets accueillent des habitats pionniers rares en Europe continentale, et des v\u00e9g\u00e9taux adapt\u00e9s \u00e0 l&rsquo;absence de sol, comme le chou marin prot\u00e9g\u00e9 au plan national.<\/p>\n<p style=\"text-align: justify;\"><div id=\"framed_box_22ec025f341fa33a9000bae9fdba0716\" class=\"framed_box\" style=\"border-color:#0b94bf;border-width:1px;\">\n\t<div class=\"framed_box_content\" style=\"background-color:rgba(204,217,228,1);\">\n\t\t\n<a href=\"http:\/\/www.hotel-cayeux-baiedesomme.fr\/wp-content\/uploads\/balade-reserve-avifaune-hable_ault.pdf\" target=\"_blank\" rel=\"noopener\">&gt; Circuit de randonn\u00e9e dans la r\u00e9serve d&rsquo;avifaune du h\u00e2ble d&rsquo;Ault (1 h 45 &#8211; 5 km)<\/a>\n\t\t<div class=\"framed_box_space\"><\/div>\n\t<\/div>\n<\/div>\n\n<p style=\"text-align: justify;\"><strong>Un plaisir des yeux et un retour aux sources vous attendent.<br \/>\nNe repartez pas sans vous y promener !<\/strong><\/p>\n<p>&nbsp;<\/p>\n<div class=\"divider_padding\"><\/div>\n<div class=\"one_half\"><p class=\"center\"><a id=\"webcam\" href=\"https:\/\/app.webcam-hd.com\/villes_soeurs\/ault_onival\" target=\"_blank\" class=\"button large primary no_woo_button\"><span><i class=\"theme-icon icon-calendar-check-o\" style=\"color:#ffffff\"><\/i>Webcam de Ault Onival<\/span><\/a><\/p><\/div>\n<p>&nbsp;<\/p>\n<p>&nbsp;<\/p>\n","protected":false},"excerpt":{"rendered":"<p>Le h\u00e2ble d&rsquo;Ault, plus de 270 esp\u00e8ces d&rsquo;oiseaux migrateurs Le h\u00e2ble d\u2019Ault est un lieu bien connu des chasseurs et des ornithologues\u2026 Il se situe au sud de la Baie de Somme, le long du littoral Picard, entre Cayeux-sur-mer et Ault, petite agglom\u00e9ration qui marque le d\u00e9but des falaises qui s\u2019\u00e9tendent ensuite vers la Normandie. &#8230;<\/p>\n","protected":false},"author":1,"featured_media":0,"parent":167,"menu_order":6,"comment_status":"closed","ping_status":"closed","template":"template_leftsidebar.php","meta":{"footnotes":""},"class_list":["post-181","page","type-page","status-publish","hentry"],"_links":{"self":[{"href":"https:\/\/villalegrandlarge.fr\/mers\/wp-json\/wp\/v2\/pages\/181","targetHints":{"allow":["GET"]}}],"collection":[{"href":"https:\/\/villalegrandlarge.fr\/mers\/wp-json\/wp\/v2\/pages"}],"about":[{"href":"https:\/\/villalegrandlarge.fr\/mers\/wp-json\/wp\/v2\/types\/page"}],"author":[{"embeddable":true,"href":"https:\/\/villalegrandlarge.fr\/mers\/wp-json\/wp\/v2\/users\/1"}],"replies":[{"embeddable":true,"href":"https:\/\/villalegrandlarge.fr\/mers\/wp-json\/wp\/v2\/comments?post=181"}],"version-history":[{"count":6,"href":"https:\/\/villalegrandlarge.fr\/mers\/wp-json\/wp\/v2\/pages\/181\/revisions"}],"predecessor-version":[{"id":749,"href":"https:\/\/villalegrandlarge.fr\/mers\/wp-json\/wp\/v2\/pages\/181\/revisions\/749"}],"up":[{"embeddable":true,"href":"https:\/\/villalegrandlarge.fr\/mers\/wp-json\/wp\/v2\/pages\/167"}],"wp:attachment":[{"href":"https:\/\/villalegrandlarge.fr\/mers\/wp-json\/wp\/v2\/media?parent=181"}],"curies":[{"name":"wp","href":"https:\/\/api.w.org\/{rel}","templated":true}]}}