{"id":227,"date":"2022-04-05T17:43:44","date_gmt":"2022-04-05T15:43:44","guid":{"rendered":"https:\/\/villalegrandlarge.fr\/mers\/?page_id=227"},"modified":"2022-04-12T13:20:49","modified_gmt":"2022-04-12T11:20:49","slug":"idees-pour-un-week-end","status":"publish","type":"page","link":"https:\/\/villalegrandlarge.fr\/mers\/region-normandie-baie-de-somme\/idees-pour-un-week-end\/","title":{"rendered":"Id\u00e9es pour un week-end"},"content":{"rendered":"<h1>Le Top 10 des choses \u00e0 faire absolument<\/h1>\n<p>Si vous venez pour un court s\u00e9jour, voici quelques id\u00e9es pour aller droit au but afin de ne pas passer \u00e0 c\u00f4t\u00e9 des <strong>principaux attraits touristiques de notre belle r\u00e9gion<\/strong> :<\/p>\n<ul class=\"list_check-square list_color_blue\">\n<li>Prendre le funiculaire pour traverser la falaise du Tr\u00e9port<\/li>\n<li>Fl\u00e2ner en bord de mer tant\u00f4t au-dessus des falaises et tant\u00f4t sur l\u2019estran<\/li>\n<li>Se promener dans le jardin \u00e0 la fran\u00e7aise du Ch\u00e2teau d\u2019Eu<\/li>\n<li>Parcourir les Villas du Quartier Baln\u00e9aire et sa palette de couleurs<\/li>\n<li>Visiter la coll\u00e9giale d\u2019Eu et sa crypte<\/li>\n<li>Observer le va-et-vient des bateaux de p\u00eache dans le port du Tr\u00e9port<\/li>\n<li>D\u00e9couvrir le savoir-faire verrier et s\u2019\u00e9merveiller sur la mati\u00e8re<\/li>\n<li>Se promener au Bois de Cise<\/li>\n<li>Empruntez les chemins de randonn\u00e9es et reconnectez-vous \u00e0 la nature<\/li>\n<li>Descendre dans le Kahl Burg<\/li>\n<\/ul>\n<p>Vous pouvez aussi faire un mini-golf ou une partie de p\u00e9tanque sur les terrains am\u00e9nag\u00e9s au niveau de la prairie de Mers-les-Bains.<\/p>\n<p class=\"center\"><a id=\"Incontournable region\" href=\"https:\/\/www.destination-letreport-mers.fr\/page-daccueil\/le-top-10-des-choses-a-faire-absolument\/\" target=\"_blank\" class=\"button medium primary no_woo_button\"><span><i class=\"theme-icon icon-calendar-check-o\" style=\"color:#ffffff\"><\/i>\u202dEn savoir + sur ce Top 10<\/span><\/a><\/p>\n\n\t\t\t<div id='gallery-227-6159-1' class='gallery gallery-227-6159-1'>\n\t\t\t\t\t<dl class='gallery-item col-3'>\n\t\t\t\t\t\t<dt class='gallery-icon gallery_image_1'><a href=\"https:\/\/villalegrandlarge.fr\/mers\/wp-content\/uploads\/coucher-soleil-ete-mers.jpg\" class=\"lightbox image_icon_zoom gallery-image-wrap\" title=\"\" rel=\"image-gallery-group-227-147\" alt=\"\" data-fittoview=\"true\"><img decoding=\"async\" src=\"https:\/\/villalegrandlarge.fr\/mers\/wp-content\/uploads\/strikingr\/images\/251_coucher-soleil-ete-mers-292x190.jpg\" alt=\"coucher-soleil-ete-mers\" class=\"gallery-image theme-gallery-image attachment-medium\" width =\"292\" height =\"190\"  data-thumbnail=\"251\"  data-thumbnail-class=\"MjUx\"\/><\/a><\/dt>\n\t\t\t\t\t<\/dl>\n\t\t\t\t\t<dl class='gallery-item col-3'>\n\t\t\t\t\t\t<dt class='gallery-icon gallery_image_2'><a href=\"https:\/\/villalegrandlarge.fr\/mers\/wp-content\/uploads\/crucifix-hauteur-le-treport.jpg\" class=\"lightbox image_icon_zoom gallery-image-wrap\" title=\"\" rel=\"image-gallery-group-227-147\" alt=\"\" data-fittoview=\"true\"><img decoding=\"async\" src=\"https:\/\/villalegrandlarge.fr\/mers\/wp-content\/uploads\/strikingr\/images\/252_crucifix-hauteur-le-treport-292x190.jpg\" alt=\"crucifix-hauteur-le-treport\" class=\"gallery-image theme-gallery-image attachment-medium\" width =\"292\" height =\"190\"  data-thumbnail=\"252\"  data-thumbnail-class=\"MjUy\"\/><\/a><\/dt>\n\t\t\t\t\t<\/dl>\n\t\t\t\t\t<dl class='gallery-item col-3'>\n\t\t\t\t\t\t<dt class='gallery-icon gallery_image_3'><a href=\"https:\/\/villalegrandlarge.fr\/mers\/wp-content\/uploads\/cabine-coucher-soleil.jpg\" class=\"lightbox image_icon_zoom gallery-image-wrap\" title=\"\" rel=\"image-gallery-group-227-147\" alt=\"\" data-fittoview=\"true\"><img decoding=\"async\" src=\"https:\/\/villalegrandlarge.fr\/mers\/wp-content\/uploads\/strikingr\/images\/247_cabine-coucher-soleil-292x190.jpg\" alt=\"cabine-coucher-soleil\" class=\"gallery-image theme-gallery-image attachment-medium\" width =\"292\" height =\"190\"  data-thumbnail=\"247\"  data-thumbnail-class=\"MjQ3\"\/><\/a><\/dt>\n\t\t\t\t\t<\/dl>\n\t\t\t\t\t<dl class='gallery-item col-3'>\n\t\t\t\t\t\t<dt class='gallery-icon gallery_image_4'><a href=\"https:\/\/villalegrandlarge.fr\/mers\/wp-content\/uploads\/balcons-villas-mers.jpg\" class=\"lightbox image_icon_zoom gallery-image-wrap\" title=\"\" rel=\"image-gallery-group-227-147\" alt=\"\" data-fittoview=\"true\"><img decoding=\"async\" src=\"https:\/\/villalegrandlarge.fr\/mers\/wp-content\/uploads\/strikingr\/images\/246_balcons-villas-mers-292x190.jpg\" alt=\"balcons-villas-mers\" class=\"gallery-image theme-gallery-image attachment-medium\" width =\"292\" height =\"190\"  data-thumbnail=\"246\"  data-thumbnail-class=\"MjQ2\"\/><\/a><\/dt>\n\t\t\t\t\t<\/dl>\n\t\t\t\t\t<dl class='gallery-item col-3'>\n\t\t\t\t\t\t<dt class='gallery-icon gallery_image_5'><a href=\"https:\/\/villalegrandlarge.fr\/mers\/wp-content\/uploads\/chateau_eu01.jpg\" class=\"lightbox image_icon_zoom gallery-image-wrap\" title=\"\" rel=\"image-gallery-group-227-147\" alt=\"\" data-fittoview=\"true\"><img decoding=\"async\" src=\"https:\/\/villalegrandlarge.fr\/mers\/wp-content\/uploads\/strikingr\/images\/249_chateau_eu01-292x190.jpg\" alt=\"chateau_eu01\" class=\"gallery-image theme-gallery-image attachment-medium\" width =\"292\" height =\"190\"  data-thumbnail=\"249\"  data-thumbnail-class=\"MjQ5\"\/><\/a><\/dt>\n\t\t\t\t\t<\/dl>\n\t\t\t\t\t<dl class='gallery-item col-3'>\n\t\t\t\t\t\t<dt class='gallery-icon gallery_image_6'><a href=\"https:\/\/villalegrandlarge.fr\/mers\/wp-content\/uploads\/chapelle-saint-laurent-o-toole.jpg\" class=\"lightbox image_icon_zoom gallery-image-wrap\" title=\"\" rel=\"image-gallery-group-227-147\" alt=\"\" data-fittoview=\"true\"><img decoding=\"async\" src=\"https:\/\/villalegrandlarge.fr\/mers\/wp-content\/uploads\/strikingr\/images\/248_chapelle-saint-laurent-o-toole-292x190.jpg\" alt=\"chapelle-saint-laurent-o-toole\" class=\"gallery-image theme-gallery-image attachment-medium\" width =\"292\" height =\"190\"  data-thumbnail=\"248\"  data-thumbnail-class=\"MjQ4\"\/><\/a><\/dt>\n\t\t\t\t\t<\/dl>\n\t\t\t\t\t<dl class='gallery-item col-3'>\n\t\t\t\t\t\t<dt class='gallery-icon gallery_image_7'><a href=\"https:\/\/villalegrandlarge.fr\/mers\/wp-content\/uploads\/digue_mers01.jpg\" class=\"lightbox image_icon_zoom gallery-image-wrap\" title=\"\" rel=\"image-gallery-group-227-147\" alt=\"\" data-fittoview=\"true\"><img decoding=\"async\" src=\"https:\/\/villalegrandlarge.fr\/mers\/wp-content\/uploads\/strikingr\/images\/253_digue_mers01-292x190.jpg\" alt=\"digue_mers01\" class=\"gallery-image theme-gallery-image attachment-medium\" width =\"292\" height =\"190\"  data-thumbnail=\"253\"  data-thumbnail-class=\"MjUz\"\/><\/a><\/dt>\n\t\t\t\t\t<\/dl>\n\t\t\t\t\t<dl class='gallery-item col-3'>\n\t\t\t\t\t\t<dt class='gallery-icon gallery_image_8'><a href=\"https:\/\/villalegrandlarge.fr\/mers\/wp-content\/uploads\/funiculaire-le-treport-terrasse-76.jpg\" class=\"lightbox image_icon_zoom gallery-image-wrap\" title=\"\" rel=\"image-gallery-group-227-147\" alt=\"\" data-fittoview=\"true\"><img decoding=\"async\" src=\"https:\/\/villalegrandlarge.fr\/mers\/wp-content\/uploads\/strikingr\/images\/260_funiculaire-le-treport-terrasse-76-292x190.jpg\" alt=\"funiculaire-le-treport-terrasse-76\" class=\"gallery-image theme-gallery-image attachment-medium\" width =\"292\" height =\"190\"  data-thumbnail=\"260\"  data-thumbnail-class=\"MjYw\"\/><\/a><\/dt>\n\t\t\t\t\t<\/dl>\n\t\t\t\t\t<dl class='gallery-item col-3'>\n\t\t\t\t\t\t<dt class='gallery-icon gallery_image_9'><a href=\"https:\/\/villalegrandlarge.fr\/mers\/wp-content\/uploads\/falaise-mer-plage-sable.jpg\" class=\"lightbox image_icon_zoom gallery-image-wrap\" title=\"\" rel=\"image-gallery-group-227-147\" alt=\"\" data-fittoview=\"true\"><img decoding=\"async\" src=\"https:\/\/villalegrandlarge.fr\/mers\/wp-content\/uploads\/strikingr\/images\/258_falaise-mer-plage-sable-292x190.jpg\" alt=\"falaise-mer-plage-sable\" class=\"gallery-image theme-gallery-image attachment-medium\" width =\"292\" height =\"190\"  data-thumbnail=\"258\"  data-thumbnail-class=\"MjU4\"\/><\/a><\/dt>\n\t\t\t\t\t<\/dl>\n\t\t\t\t\t<dl class='gallery-item col-3'>\n\t\t\t\t\t\t<dt class='gallery-icon gallery_image_10'><a href=\"https:\/\/villalegrandlarge.fr\/mers\/wp-content\/uploads\/dunes-baie-authie.jpg\" class=\"lightbox image_icon_zoom gallery-image-wrap\" title=\"\" rel=\"image-gallery-group-227-147\" alt=\"\" data-fittoview=\"true\"><img decoding=\"async\" src=\"https:\/\/villalegrandlarge.fr\/mers\/wp-content\/uploads\/strikingr\/images\/255_dunes-baie-authie-292x190.jpg\" alt=\"dunes-baie-authie\" class=\"gallery-image theme-gallery-image attachment-medium\" width =\"292\" height =\"190\"  data-thumbnail=\"255\"  data-thumbnail-class=\"MjU1\"\/><\/a><\/dt>\n\t\t\t\t\t<\/dl>\n\t\t\t\t\t<dl class='gallery-item col-3'>\n\t\t\t\t\t\t<dt class='gallery-icon gallery_image_11'><a href=\"https:\/\/villalegrandlarge.fr\/mers\/wp-content\/uploads\/dunes-baie-de-somme.jpg\" class=\"lightbox image_icon_zoom gallery-image-wrap\" title=\"\" rel=\"image-gallery-group-227-147\" alt=\"\" data-fittoview=\"true\"><img decoding=\"async\" src=\"https:\/\/villalegrandlarge.fr\/mers\/wp-content\/uploads\/strikingr\/images\/256_dunes-baie-de-somme-292x190.jpg\" alt=\"dunes-baie-de-somme\" class=\"gallery-image theme-gallery-image attachment-medium\" width =\"292\" height =\"190\"  data-thumbnail=\"256\"  data-thumbnail-class=\"MjU2\"\/><\/a><\/dt>\n\t\t\t\t\t<\/dl>\n\t\t\t\t\t<dl class='gallery-item col-3'>\n\t\t\t\t\t\t<dt class='gallery-icon gallery_image_12'><a href=\"https:\/\/villalegrandlarge.fr\/mers\/wp-content\/uploads\/falaise-craie-picardie-maritime.jpg\" class=\"lightbox image_icon_zoom gallery-image-wrap\" title=\"\" rel=\"image-gallery-group-227-147\" alt=\"\" data-fittoview=\"true\"><img decoding=\"async\" src=\"https:\/\/villalegrandlarge.fr\/mers\/wp-content\/uploads\/strikingr\/images\/257_falaise-craie-picardie-maritime-292x190.jpg\" alt=\"falaise-craie-picardie-maritime\" class=\"gallery-image theme-gallery-image attachment-medium\" width =\"292\" height =\"190\"  data-thumbnail=\"257\"  data-thumbnail-class=\"MjU3\"\/><\/a><\/dt>\n\t\t\t\t\t<\/dl>\n\t\t\t\t\t<dl class='gallery-item col-3'>\n\t\t\t\t\t\t<dt class='gallery-icon gallery_image_13'><a href=\"https:\/\/villalegrandlarge.fr\/mers\/wp-content\/uploads\/falaise-mers-les-bains.jpg\" class=\"lightbox image_icon_zoom gallery-image-wrap\" title=\"\" rel=\"image-gallery-group-227-147\" alt=\"\" data-fittoview=\"true\"><img decoding=\"async\" src=\"https:\/\/villalegrandlarge.fr\/mers\/wp-content\/uploads\/strikingr\/images\/259_falaise-mers-les-bains-292x190.jpg\" alt=\"falaise-mers-les-bains\" class=\"gallery-image theme-gallery-image attachment-medium\" width =\"292\" height =\"190\"  data-thumbnail=\"259\"  data-thumbnail-class=\"MjU5\"\/><\/a><\/dt>\n\t\t\t\t\t<\/dl>\n\t\t\t\t\t<dl class='gallery-item col-3'>\n\t\t\t\t\t\t<dt class='gallery-icon gallery_image_14'><a href=\"https:\/\/villalegrandlarge.fr\/mers\/wp-content\/uploads\/phare-le-treport.jpg\" class=\"lightbox image_icon_zoom gallery-image-wrap\" title=\"\" rel=\"image-gallery-group-227-147\" alt=\"\" data-fittoview=\"true\"><img decoding=\"async\" src=\"https:\/\/villalegrandlarge.fr\/mers\/wp-content\/uploads\/strikingr\/images\/265_phare-le-treport-292x190.jpg\" alt=\"phare-le-treport\" class=\"gallery-image theme-gallery-image attachment-medium\" width =\"292\" height =\"190\"  data-thumbnail=\"265\"  data-thumbnail-class=\"MjY1\"\/><\/a><\/dt>\n\t\t\t\t\t<\/dl>\n\t\t\t\t\t<dl class='gallery-item col-3'>\n\t\t\t\t\t\t<dt class='gallery-icon gallery_image_15'><a href=\"https:\/\/villalegrandlarge.fr\/mers\/wp-content\/uploads\/hotel-dieu-ville-eu.jpg\" class=\"lightbox image_icon_zoom gallery-image-wrap\" title=\"\" rel=\"image-gallery-group-227-147\" alt=\"\" data-fittoview=\"true\"><img decoding=\"async\" src=\"https:\/\/villalegrandlarge.fr\/mers\/wp-content\/uploads\/strikingr\/images\/262_hotel-dieu-ville-eu-292x190.jpg\" alt=\"hotel-dieu-ville-eu\" class=\"gallery-image theme-gallery-image attachment-medium\" width =\"292\" height =\"190\"  data-thumbnail=\"262\"  data-thumbnail-class=\"MjYy\"\/><\/a><\/dt>\n\t\t\t\t\t<\/dl>\n\t\t\t\t\t<dl class='gallery-item col-3'>\n\t\t\t\t\t\t<dt class='gallery-icon gallery_image_16'><a href=\"https:\/\/villalegrandlarge.fr\/mers\/wp-content\/uploads\/panorama-mers-les-bains-treport.jpg\" class=\"lightbox image_icon_zoom gallery-image-wrap\" title=\"\" rel=\"image-gallery-group-227-147\" alt=\"\" data-fittoview=\"true\"><img decoding=\"async\" src=\"https:\/\/villalegrandlarge.fr\/mers\/wp-content\/uploads\/strikingr\/images\/263_panorama-mers-les-bains-treport-292x190.jpg\" alt=\"panorama-mers-les-bains-treport\" class=\"gallery-image theme-gallery-image attachment-medium\" width =\"292\" height =\"190\"  data-thumbnail=\"263\"  data-thumbnail-class=\"MjYz\"\/><\/a><\/dt>\n\t\t\t\t\t<\/dl>\n\t\t\t\t\t<dl class='gallery-item col-3'>\n\t\t\t\t\t\t<dt class='gallery-icon gallery_image_17'><a href=\"https:\/\/villalegrandlarge.fr\/mers\/wp-content\/uploads\/directions-hauteur-le-treport.jpg\" class=\"lightbox image_icon_zoom gallery-image-wrap\" title=\"\" rel=\"image-gallery-group-227-147\" alt=\"\" data-fittoview=\"true\"><img decoding=\"async\" src=\"https:\/\/villalegrandlarge.fr\/mers\/wp-content\/uploads\/strikingr\/images\/254_directions-hauteur-le-treport-292x190.jpg\" alt=\"directions-hauteur-le-treport\" class=\"gallery-image theme-gallery-image attachment-medium\" width =\"292\" height =\"190\"  data-thumbnail=\"254\"  data-thumbnail-class=\"MjU0\"\/><\/a><\/dt>\n\t\t\t\t\t<\/dl>\n\t\t\t\t\t<dl class='gallery-item col-3'>\n\t\t\t\t\t\t<dt class='gallery-icon gallery_image_18'><a href=\"https:\/\/villalegrandlarge.fr\/mers\/wp-content\/uploads\/peche-fille-crevette-mers.jpg\" class=\"lightbox image_icon_zoom gallery-image-wrap\" title=\"\" rel=\"image-gallery-group-227-147\" alt=\"\" data-fittoview=\"true\"><img decoding=\"async\" src=\"https:\/\/villalegrandlarge.fr\/mers\/wp-content\/uploads\/strikingr\/images\/264_peche-fille-crevette-mers-292x190.jpg\" alt=\"peche-fille-crevette-mers\" class=\"gallery-image theme-gallery-image attachment-medium\" width =\"292\" height =\"190\"  data-thumbnail=\"264\"  data-thumbnail-class=\"MjY0\"\/><\/a><\/dt>\n\t\t\t\t\t<\/dl>\n\t\t\t\t\t<dl class='gallery-item col-3'>\n\t\t\t\t\t\t<dt class='gallery-icon gallery_image_19'><a href=\"https:\/\/villalegrandlarge.fr\/mers\/wp-content\/uploads\/surf-coucher-soleil-mers.jpg\" class=\"lightbox image_icon_zoom gallery-image-wrap\" title=\"\" rel=\"image-gallery-group-227-147\" alt=\"\" data-fittoview=\"true\"><img decoding=\"async\" src=\"https:\/\/villalegrandlarge.fr\/mers\/wp-content\/uploads\/strikingr\/images\/267_surf-coucher-soleil-mers-292x190.jpg\" alt=\"surf-coucher-soleil-mers\" class=\"gallery-image theme-gallery-image attachment-medium\" width =\"292\" height =\"190\"  data-thumbnail=\"267\"  data-thumbnail-class=\"MjY3\"\/><\/a><\/dt>\n\t\t\t\t\t<\/dl>\n\t\t\t\t\t<dl class='gallery-item col-3'>\n\t\t\t\t\t\t<dt class='gallery-icon gallery_image_20'><a href=\"https:\/\/villalegrandlarge.fr\/mers\/wp-content\/uploads\/tennis-terre-battue-mers-les-bains.jpg\" class=\"lightbox image_icon_zoom gallery-image-wrap\" title=\"\" rel=\"image-gallery-group-227-147\" alt=\"\" data-fittoview=\"true\"><img decoding=\"async\" src=\"https:\/\/villalegrandlarge.fr\/mers\/wp-content\/uploads\/strikingr\/images\/268_tennis-terre-battue-mers-les-bains-292x190.jpg\" alt=\"tennis-terre-battue-mers-les-bains\" class=\"gallery-image theme-gallery-image attachment-medium\" width =\"292\" height =\"190\"  data-thumbnail=\"268\"  data-thumbnail-class=\"MjY4\"\/><\/a><\/dt>\n\t\t\t\t\t<\/dl>\n\t\t\t\t\t<dl class='gallery-item col-3'>\n\t\t\t\t\t\t<dt class='gallery-icon gallery_image_21'><a href=\"https:\/\/villalegrandlarge.fr\/mers\/wp-content\/uploads\/port-peche-le-treport.jpg\" class=\"lightbox image_icon_zoom gallery-image-wrap\" title=\"\" rel=\"image-gallery-group-227-147\" alt=\"\" data-fittoview=\"true\"><img decoding=\"async\" src=\"https:\/\/villalegrandlarge.fr\/mers\/wp-content\/uploads\/strikingr\/images\/266_port-peche-le-treport-292x190.jpg\" alt=\"port-peche-le-treport\" class=\"gallery-image theme-gallery-image attachment-medium\" width =\"292\" height =\"190\"  data-thumbnail=\"266\"  data-thumbnail-class=\"MjY2\"\/><\/a><\/dt>\n\t\t\t\t\t<\/dl>\n\t\t\t\t\t<dl class='gallery-item col-3'>\n\t\t\t\t\t\t<dt class='gallery-icon gallery_image_22'><a href=\"https:\/\/villalegrandlarge.fr\/mers\/wp-content\/uploads\/villas-mers-les-bains.jpg\" class=\"lightbox image_icon_zoom gallery-image-wrap\" title=\"\" rel=\"image-gallery-group-227-147\" alt=\"\" data-fittoview=\"true\"><img decoding=\"async\" src=\"https:\/\/villalegrandlarge.fr\/mers\/wp-content\/uploads\/strikingr\/images\/271_villas-mers-les-bains-292x190.jpg\" alt=\"villas-mers-les-bains\" class=\"gallery-image theme-gallery-image attachment-medium\" width =\"292\" height =\"190\"  data-thumbnail=\"271\"  data-thumbnail-class=\"Mjcx\"\/><\/a><\/dt>\n\t\t\t\t\t<\/dl>\n\t\t\t\t\t<dl class='gallery-item col-3'>\n\t\t\t\t\t\t<dt class='gallery-icon gallery_image_23'><a href=\"https:\/\/villalegrandlarge.fr\/mers\/wp-content\/uploads\/balade-le-treport.jpg\" class=\"lightbox image_icon_zoom gallery-image-wrap\" title=\"\" rel=\"image-gallery-group-227-147\" alt=\"\" data-fittoview=\"true\"><img decoding=\"async\" src=\"https:\/\/villalegrandlarge.fr\/mers\/wp-content\/uploads\/strikingr\/images\/245_balade-le-treport-292x190.jpg\" alt=\"balade-le-treport\" class=\"gallery-image theme-gallery-image attachment-medium\" width =\"292\" height =\"190\"  data-thumbnail=\"245\"  data-thumbnail-class=\"MjQ1\"\/><\/a><\/dt>\n\t\t\t\t\t<\/dl>\n\t\t\t\t\t<dl class='gallery-item col-3'>\n\t\t\t\t\t\t<dt class='gallery-icon gallery_image_24'><a href=\"https:\/\/villalegrandlarge.fr\/mers\/wp-content\/uploads\/contre-jour-coucher-soleil-treport.jpg\" class=\"lightbox image_icon_zoom gallery-image-wrap\" title=\"\" rel=\"image-gallery-group-227-147\" alt=\"\" data-fittoview=\"true\"><img decoding=\"async\" src=\"https:\/\/villalegrandlarge.fr\/mers\/wp-content\/uploads\/strikingr\/images\/250_contre-jour-coucher-soleil-treport-292x190.jpg\" alt=\"contre-jour-coucher-soleil-treport\" class=\"gallery-image theme-gallery-image attachment-medium\" width =\"292\" height =\"190\"  data-thumbnail=\"250\"  data-thumbnail-class=\"MjUw\"\/><\/a><\/dt>\n\t\t\t\t\t<\/dl>\n\t\t\t\t\t<dl class='gallery-item col-3'>\n\t\t\t\t\t\t<dt class='gallery-icon gallery_image_25'><a href=\"https:\/\/villalegrandlarge.fr\/mers\/wp-content\/uploads\/villa-belle-epoque.jpg\" class=\"lightbox image_icon_zoom gallery-image-wrap\" title=\"\" rel=\"image-gallery-group-227-147\" alt=\"\" data-fittoview=\"true\"><img decoding=\"async\" src=\"https:\/\/villalegrandlarge.fr\/mers\/wp-content\/uploads\/strikingr\/images\/269_villa-belle-epoque-292x190.jpg\" alt=\"villa-belle-epoque\" class=\"gallery-image theme-gallery-image attachment-medium\" width =\"292\" height =\"190\"  data-thumbnail=\"269\"  data-thumbnail-class=\"MjY5\"\/><\/a><\/dt>\n\t\t\t\t\t<\/dl>\n\t\t\t<\/div><!-- .gallery -->\n\n","protected":false},"excerpt":{"rendered":"<p>Le Top 10 des choses \u00e0 faire absolument Si vous venez pour un court s\u00e9jour, voici quelques id\u00e9es pour aller droit au but afin de ne pas passer \u00e0 c\u00f4t\u00e9 des principaux attraits touristiques de notre belle r\u00e9gion :<\/p>\n","protected":false},"author":1,"featured_media":0,"parent":167,"menu_order":1,"comment_status":"closed","ping_status":"closed","template":"","meta":{"footnotes":""},"class_list":["post-227","page","type-page","status-publish","hentry"],"_links":{"self":[{"href":"https:\/\/villalegrandlarge.fr\/mers\/wp-json\/wp\/v2\/pages\/227","targetHints":{"allow":["GET"]}}],"collection":[{"href":"https:\/\/villalegrandlarge.fr\/mers\/wp-json\/wp\/v2\/pages"}],"about":[{"href":"https:\/\/villalegrandlarge.fr\/mers\/wp-json\/wp\/v2\/types\/page"}],"author":[{"embeddable":true,"href":"https:\/\/villalegrandlarge.fr\/mers\/wp-json\/wp\/v2\/users\/1"}],"replies":[{"embeddable":true,"href":"https:\/\/villalegrandlarge.fr\/mers\/wp-json\/wp\/v2\/comments?post=227"}],"version-history":[{"count":13,"href":"https:\/\/villalegrandlarge.fr\/mers\/wp-json\/wp\/v2\/pages\/227\/revisions"}],"predecessor-version":[{"id":445,"href":"https:\/\/villalegrandlarge.fr\/mers\/wp-json\/wp\/v2\/pages\/227\/revisions\/445"}],"up":[{"embeddable":true,"href":"https:\/\/villalegrandlarge.fr\/mers\/wp-json\/wp\/v2\/pages\/167"}],"wp:attachment":[{"href":"https:\/\/villalegrandlarge.fr\/mers\/wp-json\/wp\/v2\/media?parent=227"}],"curies":[{"name":"wp","href":"https:\/\/api.w.org\/{rel}","templated":true}]}}