{"id":387,"date":"2022-04-12T10:47:04","date_gmt":"2022-04-12T08:47:04","guid":{"rendered":"https:\/\/villalegrandlarge.fr\/mers\/?page_id=387"},"modified":"2022-05-11T17:21:05","modified_gmt":"2022-05-11T15:21:05","slug":"ville-normandie-chateau-eu","status":"publish","type":"page","link":"https:\/\/villalegrandlarge.fr\/mers\/region-normandie-baie-de-somme\/ville-normandie-chateau-eu\/","title":{"rendered":"La ville d&rsquo;Eu"},"content":{"rendered":"<h1>La ville d&rsquo;Eu, une ville de caract\u00e8re<\/h1>\n<p><img decoding=\"async\" class=\"alignleft wp-image-248 size-medium\" src=\"https:\/\/villalegrandlarge.fr\/mers\/wp-content\/uploads\/chapelle-saint-laurent-o-toole-300x200.jpg\" alt=\"\" width=\"300\" height=\"200\" srcset=\"https:\/\/villalegrandlarge.fr\/mers\/wp-content\/uploads\/chapelle-saint-laurent-o-toole-300x200.jpg 300w, https:\/\/villalegrandlarge.fr\/mers\/wp-content\/uploads\/chapelle-saint-laurent-o-toole-150x100.jpg 150w, https:\/\/villalegrandlarge.fr\/mers\/wp-content\/uploads\/chapelle-saint-laurent-o-toole-768x512.jpg 768w, https:\/\/villalegrandlarge.fr\/mers\/wp-content\/uploads\/chapelle-saint-laurent-o-toole-1024x682.jpg 1024w, https:\/\/villalegrandlarge.fr\/mers\/wp-content\/uploads\/chapelle-saint-laurent-o-toole.jpg 1400w\" sizes=\"(max-width: 300px) 100vw, 300px\" \/>A 2 heures de Paris et de Lille, \u00e0 la jonction de la verdoyante Normandie et de la magnifique Baie de Somme, la ville d\u2019Eu vous charmera par sa richesse patrimoniale et par ses espaces de verdure.<\/p>\n<p>Id\u00e9alement situ\u00e9e \u00e0 3 kilom\u00e8tres de la mer et de la for\u00eat, l\u2019ancienne cit\u00e9 royale vous donnera l\u2019occasion de faire un grand bond dans le pass\u00e9 gr\u00e2ce \u00e0 l\u2019agglom\u00e9ration gallo-romaine de Briga, \u00e0 sa coll\u00e9giale du XIIIe si\u00e8cle d\u00e9di\u00e9e \u00e0 l\u2019archev\u00eaque irlandais Saint-Laurent O\u2019Toole et bien s\u00fbr au ch\u00e2teau consacr\u00e9 au roi Louis-Philippe qui en avait fait sa r\u00e9sidence d\u2019\u00e9t\u00e9 et qui y re\u00e7ut deux fois la reine Victoria.<\/p>\n<p>Empruntez le circuit du patrimoine pour d\u00e9couvrir les rues et maisons anciennes de la ville, la Chapelle des J\u00e9suites abritant les c\u00e9notaphes de Catherine de Cl\u00e8ves et Henri de Guise, l\u2019H\u00f4tel-Dieu et son jardin ou encore le th\u00e9\u00e2tre du XIXe si\u00e8cle. A ces lieux s\u2019ajoutent quelques personnages c\u00e9l\u00e8bres \u00e0 l\u2019image de Rollon le viking, Guillaume le conqu\u00e9rant, les fr\u00e8res Anguier, la Grande Mademoiselle, le roi Louis-Philippe, l\u2019architecte Viollet-le-Duc ou encore la Comtesse de Paris qui firent \u00e9galement l\u2019histoire de la cit\u00e9 normande.<\/p>\n<p>Riche de son histoire, la ville d\u2019Eu l\u2019est tout autant de son pr\u00e9sent qui la place au c\u0153ur de la Vall\u00e9e de la Bresle, leader mondial en mati\u00e8re de flacons de parfum de luxe. Le mus\u00e9e des Traditions Verri\u00e8res permet aux visiteurs de d\u00e9couvrir ce pan de l\u2019\u00e9conomie locale.<\/p>\n<p>La ville d\u2019Eu, c\u2019est aussi des rendez-vous festifs : une programmation th\u00e9\u00e2trale et musicale toute l\u2019ann\u00e9e, les rendez-vous aux jardins et le salon du livre en mai, la f\u00eate du cheval le premier week-end de juin, les rendez-vous musicaux du jeudi tout l\u2019\u00e9t\u00e9, le festival de musiques actuelles \u201cle Murmure du Son\u201d en juillet, le salon du bien-\u00eatre en octobre et bien s\u00fbr le traditionnel march\u00e9 de No\u00ebl\u2026<\/p>\n<p>Le march\u00e9, labellis\u00e9 \u00abmarch\u00e9s de France\u00bb, a lieu le vendredi matin. Nombreux produits normands et picards (fromage, beurre, cr\u00e8me, pommes, g\u00e2teau battu, algues\u2026).<\/p>\n<div class=\"divider_padding\"><\/div>\n<div class=\"one_half\"><p class=\"center\"><a id=\"webcam\" href=\"https:\/\/www.vision-environnement.com\/live\/player\/eu0.php?fbclid=IwAR00Qxu-c4wcyeH2WkGjIxYNTJtc-fzkcD1Pu0dleoow-w2M05fUFVUZQc0\" target=\"_blank\" class=\"button large primary no_woo_button\"><span><i class=\"theme-icon icon-calendar-check-o\" style=\"color:#ffffff\"><\/i>Webcam de Eu<\/span><\/a><\/p><\/div>\n<p>&nbsp;<\/p>\n\n\t\t\t<div id='gallery-387-7548-1' class='gallery gallery-387-7548-1'>\n\t\t\t\t\t<dl class='gallery-item col-3'>\n\t\t\t\t\t\t<dt class='gallery-icon gallery_image_1'><a href=\"https:\/\/villalegrandlarge.fr\/mers\/wp-content\/uploads\/chateau_eu01.jpg\" class=\"lightbox image_icon_zoom gallery-image-wrap\" title=\"\" rel=\"image-gallery-group-387-30\" alt=\"\" data-fittoview=\"true\"><img decoding=\"async\" src=\"https:\/\/villalegrandlarge.fr\/mers\/wp-content\/uploads\/strikingr\/images\/249_chateau_eu01-292x190.jpg\" alt=\"chateau_eu01\" class=\"gallery-image theme-gallery-image attachment-medium\" width =\"292\" height =\"190\"  data-thumbnail=\"249\"  data-thumbnail-class=\"MjQ5\"\/><\/a><\/dt>\n\t\t\t\t\t<\/dl>\n\t\t\t\t\t<dl class='gallery-item col-3'>\n\t\t\t\t\t\t<dt class='gallery-icon gallery_image_2'><a href=\"https:\/\/villalegrandlarge.fr\/mers\/wp-content\/uploads\/hotel-dieu-ville-eu.jpg\" class=\"lightbox image_icon_zoom gallery-image-wrap\" title=\"\" rel=\"image-gallery-group-387-30\" alt=\"\" data-fittoview=\"true\"><img decoding=\"async\" src=\"https:\/\/villalegrandlarge.fr\/mers\/wp-content\/uploads\/strikingr\/images\/262_hotel-dieu-ville-eu-292x190.jpg\" alt=\"hotel-dieu-ville-eu\" class=\"gallery-image theme-gallery-image attachment-medium\" width =\"292\" height =\"190\"  data-thumbnail=\"262\"  data-thumbnail-class=\"MjYy\"\/><\/a><\/dt>\n\t\t\t\t\t<\/dl>\n\t\t\t\t\t<dl class='gallery-item col-3'>\n\t\t\t\t\t\t<dt class='gallery-icon gallery_image_3'><a href=\"https:\/\/villalegrandlarge.fr\/mers\/wp-content\/uploads\/chapelle-saint-laurent-o-toole.jpg\" class=\"lightbox image_icon_zoom gallery-image-wrap\" title=\"\" rel=\"image-gallery-group-387-30\" alt=\"\" data-fittoview=\"true\"><img decoding=\"async\" src=\"https:\/\/villalegrandlarge.fr\/mers\/wp-content\/uploads\/strikingr\/images\/248_chapelle-saint-laurent-o-toole-292x190.jpg\" alt=\"chapelle-saint-laurent-o-toole\" class=\"gallery-image theme-gallery-image attachment-medium\" width =\"292\" height =\"190\"  data-thumbnail=\"248\"  data-thumbnail-class=\"MjQ4\"\/><\/a><\/dt>\n\t\t\t\t\t<\/dl>\n\t\t\t<\/div><!-- .gallery -->\n\n<p>&nbsp;<\/p>\n","protected":false},"excerpt":{"rendered":"<p>La ville d&rsquo;Eu, une ville de caract\u00e8re A 2 heures de Paris et de Lille, \u00e0 la jonction de la verdoyante Normandie et de la magnifique Baie de Somme, la ville d\u2019Eu vous charmera par sa richesse patrimoniale et par ses espaces de verdure. Id\u00e9alement situ\u00e9e \u00e0 3 kilom\u00e8tres de la mer et de la &#8230;<\/p>\n","protected":false},"author":2,"featured_media":249,"parent":167,"menu_order":5,"comment_status":"closed","ping_status":"closed","template":"","meta":{"footnotes":""},"class_list":["post-387","page","type-page","status-publish","has-post-thumbnail","hentry"],"_links":{"self":[{"href":"https:\/\/villalegrandlarge.fr\/mers\/wp-json\/wp\/v2\/pages\/387","targetHints":{"allow":["GET"]}}],"collection":[{"href":"https:\/\/villalegrandlarge.fr\/mers\/wp-json\/wp\/v2\/pages"}],"about":[{"href":"https:\/\/villalegrandlarge.fr\/mers\/wp-json\/wp\/v2\/types\/page"}],"author":[{"embeddable":true,"href":"https:\/\/villalegrandlarge.fr\/mers\/wp-json\/wp\/v2\/users\/2"}],"replies":[{"embeddable":true,"href":"https:\/\/villalegrandlarge.fr\/mers\/wp-json\/wp\/v2\/comments?post=387"}],"version-history":[{"count":6,"href":"https:\/\/villalegrandlarge.fr\/mers\/wp-json\/wp\/v2\/pages\/387\/revisions"}],"predecessor-version":[{"id":754,"href":"https:\/\/villalegrandlarge.fr\/mers\/wp-json\/wp\/v2\/pages\/387\/revisions\/754"}],"up":[{"embeddable":true,"href":"https:\/\/villalegrandlarge.fr\/mers\/wp-json\/wp\/v2\/pages\/167"}],"wp:featuredmedia":[{"embeddable":true,"href":"https:\/\/villalegrandlarge.fr\/mers\/wp-json\/wp\/v2\/media\/249"}],"wp:attachment":[{"href":"https:\/\/villalegrandlarge.fr\/mers\/wp-json\/wp\/v2\/media?parent=387"}],"curies":[{"name":"wp","href":"https:\/\/api.w.org\/{rel}","templated":true}]}}