{"id":409,"date":"2022-04-12T11:43:24","date_gmt":"2022-04-12T09:43:24","guid":{"rendered":"https:\/\/villalegrandlarge.fr\/mers\/?page_id=409"},"modified":"2025-08-12T11:48:29","modified_gmt":"2025-08-12T09:48:29","slug":"prestations-options-location-vacances","status":"publish","type":"page","link":"https:\/\/villalegrandlarge.fr\/mers\/villa-le-grand-large\/prestations-options-location-vacances\/","title":{"rendered":"Prestations et services en options"},"content":{"rendered":"<h1>Prestations et options<\/h1>\n<p>Nous proposons en suppl\u00e9ment :<\/p>\n<ul>\n<li><span style=\"color: #0b94bf;\"><strong>la mise \u00e0 disposition d&rsquo;une cabine de plage<\/strong><\/span><\/li>\n<\/ul>\n<p><img decoding=\"async\" class=\"size-thumbnail wp-image-566 alignleft\" src=\"https:\/\/villalegrandlarge.fr\/mers\/wp-content\/uploads\/beach-ga3661054e_1920-150x92.jpg\" alt=\"\" width=\"150\" height=\"92\" srcset=\"https:\/\/villalegrandlarge.fr\/mers\/wp-content\/uploads\/beach-ga3661054e_1920-150x92.jpg 150w, https:\/\/villalegrandlarge.fr\/mers\/wp-content\/uploads\/beach-ga3661054e_1920-300x184.jpg 300w, https:\/\/villalegrandlarge.fr\/mers\/wp-content\/uploads\/beach-ga3661054e_1920-768x470.jpg 768w, https:\/\/villalegrandlarge.fr\/mers\/wp-content\/uploads\/beach-ga3661054e_1920-1024x627.jpg 1024w, https:\/\/villalegrandlarge.fr\/mers\/wp-content\/uploads\/beach-ga3661054e_1920-1536x941.jpg 1536w, https:\/\/villalegrandlarge.fr\/mers\/wp-content\/uploads\/beach-ga3661054e_1920.jpg 1920w\" sizes=\"(max-width: 150px) 100vw, 150px\" \/><\/p>\n<p>&nbsp;<\/p>\n<p>&nbsp;<\/p>\n<p>&nbsp;<\/p>\n<ul>\n<li><span style=\"color: #0b94bf;\"><strong>un garage avec proximit\u00e9 directe de l&rsquo;h\u00e9bergement<\/strong><\/span><br \/>\n<span style=\"color: #0b94bf;\"><strong>(le stationnement \u00e9tant payant en pleine saison) \u00e0 venir<\/strong><\/span><\/li>\n<\/ul>\n<p><img decoding=\"async\" class=\"alignleft size-thumbnail wp-image-554\" src=\"https:\/\/villalegrandlarge.fr\/mers\/wp-content\/uploads\/garages-g39b3d27c3_1920-150x100.jpg\" alt=\"\" width=\"150\" height=\"100\" srcset=\"https:\/\/villalegrandlarge.fr\/mers\/wp-content\/uploads\/garages-g39b3d27c3_1920-150x100.jpg 150w, https:\/\/villalegrandlarge.fr\/mers\/wp-content\/uploads\/garages-g39b3d27c3_1920-300x199.jpg 300w, https:\/\/villalegrandlarge.fr\/mers\/wp-content\/uploads\/garages-g39b3d27c3_1920-768x510.jpg 768w, https:\/\/villalegrandlarge.fr\/mers\/wp-content\/uploads\/garages-g39b3d27c3_1920-1024x680.jpg 1024w, https:\/\/villalegrandlarge.fr\/mers\/wp-content\/uploads\/garages-g39b3d27c3_1920.jpg 1400w\" sizes=\"(max-width: 150px) 100vw, 150px\" \/><\/p>\n<p>&nbsp;<\/p>\n<p>&nbsp;<\/p>\n<p>&nbsp;<\/p>\n<ul>\n<li><span style=\"color: #0b94bf;\"><strong>un coffret de bienvenue<\/strong><\/span><\/li>\n<\/ul>\n<p><img decoding=\"async\" class=\"alignleft size-thumbnail wp-image-567\" src=\"https:\/\/villalegrandlarge.fr\/mers\/wp-content\/uploads\/12029-0w0h0_Panier_Delices_Bretagne-150x150.jpg\" alt=\"\" width=\"150\" height=\"150\" srcset=\"https:\/\/villalegrandlarge.fr\/mers\/wp-content\/uploads\/12029-0w0h0_Panier_Delices_Bretagne-150x150.jpg 150w, https:\/\/villalegrandlarge.fr\/mers\/wp-content\/uploads\/12029-0w0h0_Panier_Delices_Bretagne-300x300.jpg 300w, https:\/\/villalegrandlarge.fr\/mers\/wp-content\/uploads\/12029-0w0h0_Panier_Delices_Bretagne-768x768.jpg 768w, https:\/\/villalegrandlarge.fr\/mers\/wp-content\/uploads\/12029-0w0h0_Panier_Delices_Bretagne-1024x1024.jpg 1024w, https:\/\/villalegrandlarge.fr\/mers\/wp-content\/uploads\/12029-0w0h0_Panier_Delices_Bretagne.jpg 1500w\" sizes=\"(max-width: 150px) 100vw, 150px\" \/><\/p>\n<p>&nbsp;<\/p>\n<p>&nbsp;<\/p>\n<p>&nbsp;<\/p>\n<p>&nbsp;<\/p>\n<p>&nbsp;<\/p>\n<ul>\n<li><span style=\"color: #0b94bf;\"><strong>un accueil au champagne<\/strong><\/span><\/li>\n<\/ul>\n<p><img decoding=\"async\" class=\"alignleft size-thumbnail wp-image-552\" src=\"https:\/\/villalegrandlarge.fr\/mers\/wp-content\/uploads\/champagne-gcffd6d051_1920-150x100.jpg\" alt=\"\" width=\"150\" height=\"100\" srcset=\"https:\/\/villalegrandlarge.fr\/mers\/wp-content\/uploads\/champagne-gcffd6d051_1920-150x100.jpg 150w, https:\/\/villalegrandlarge.fr\/mers\/wp-content\/uploads\/champagne-gcffd6d051_1920-300x200.jpg 300w, https:\/\/villalegrandlarge.fr\/mers\/wp-content\/uploads\/champagne-gcffd6d051_1920-768x512.jpg 768w, https:\/\/villalegrandlarge.fr\/mers\/wp-content\/uploads\/champagne-gcffd6d051_1920-1024x682.jpg 1024w, https:\/\/villalegrandlarge.fr\/mers\/wp-content\/uploads\/champagne-gcffd6d051_1920.jpg 1400w\" sizes=\"(max-width: 150px) 100vw, 150px\" \/><\/p>\n<p>&nbsp;<\/p>\n<p>&nbsp;<\/p>\n<p>&nbsp;<\/p>\n<p>&nbsp;<\/p>\n<ul>\n<li><span style=\"color: #0b94bf;\"><strong>Plateau de fruits de mer<\/strong><\/span><\/li>\n<\/ul>\n<p><a href=\"https:\/\/villalegrandlarge.fr\/mers\/wp-content\/uploads\/seafood-platter-g50e502d20_1920.jpg\"><img decoding=\"async\" class=\"alignleft size-thumbnail wp-image-728\" src=\"https:\/\/villalegrandlarge.fr\/mers\/wp-content\/uploads\/seafood-platter-g50e502d20_1920-150x100.jpg\" alt=\"\" width=\"150\" height=\"100\" srcset=\"https:\/\/villalegrandlarge.fr\/mers\/wp-content\/uploads\/seafood-platter-g50e502d20_1920-150x100.jpg 150w, https:\/\/villalegrandlarge.fr\/mers\/wp-content\/uploads\/seafood-platter-g50e502d20_1920-300x199.jpg 300w, https:\/\/villalegrandlarge.fr\/mers\/wp-content\/uploads\/seafood-platter-g50e502d20_1920-768x510.jpg 768w, https:\/\/villalegrandlarge.fr\/mers\/wp-content\/uploads\/seafood-platter-g50e502d20_1920-1024x680.jpg 1024w, https:\/\/villalegrandlarge.fr\/mers\/wp-content\/uploads\/seafood-platter-g50e502d20_1920-1536x1020.jpg 1536w, https:\/\/villalegrandlarge.fr\/mers\/wp-content\/uploads\/seafood-platter-g50e502d20_1920.jpg 1920w\" sizes=\"(max-width: 150px) 100vw, 150px\" \/><\/a><\/p>\n<p>&nbsp;<\/p>\n<p>&nbsp;<\/p>\n<p>&nbsp;<\/p>\n<p>&nbsp;<\/p>\n<ul>\n<li><span style=\"color: #0b94bf;\"><strong>autres prestations sur demande<\/strong><\/span><\/li>\n<\/ul>\n<p>&nbsp;<\/p>\n<p>Pour conna\u00eetre les conditions de ces prestations, merci de prendre directement <span style=\"color: #0b94bf;\"><a style=\"color: #0b94bf;\" href=\"https:\/\/villalegrandlarge.fr\/mers\/contact-resa-location-mers\/\">contact<\/a><\/span> avec nous.<\/p>\n<p>&nbsp;<\/p>\n<p><strong>N.B : Les lits sont faits \u00e0 l&rsquo;arriv\u00e9e. Le linge de toilette et un pack de 1\u00e8res n\u00e9cessit\u00e9s sont fournis.<\/strong><\/p>\n<p>&nbsp;<\/p>\n<p>&nbsp;<\/p>\n<p>&nbsp;<\/p>\n<p>&nbsp;<\/p>\n<p>&nbsp;<\/p>\n<p>&nbsp;<\/p>\n","protected":false},"excerpt":{"rendered":"<p>Prestations et options Nous proposons en suppl\u00e9ment : la mise \u00e0 disposition d&rsquo;une cabine de plage &nbsp; &nbsp; &nbsp; un garage avec proximit\u00e9 directe de l&rsquo;h\u00e9bergement (le stationnement \u00e9tant payant en pleine saison) \u00e0 venir &nbsp; &nbsp; &nbsp; un coffret de bienvenue &nbsp; &nbsp; &nbsp; &nbsp; &nbsp; un accueil au champagne &nbsp; &nbsp; &nbsp; &nbsp; &#8230;<\/p>\n","protected":false},"author":2,"featured_media":0,"parent":43,"menu_order":1,"comment_status":"closed","ping_status":"closed","template":"","meta":{"footnotes":""},"class_list":["post-409","page","type-page","status-publish","hentry"],"_links":{"self":[{"href":"https:\/\/villalegrandlarge.fr\/mers\/wp-json\/wp\/v2\/pages\/409","targetHints":{"allow":["GET"]}}],"collection":[{"href":"https:\/\/villalegrandlarge.fr\/mers\/wp-json\/wp\/v2\/pages"}],"about":[{"href":"https:\/\/villalegrandlarge.fr\/mers\/wp-json\/wp\/v2\/types\/page"}],"author":[{"embeddable":true,"href":"https:\/\/villalegrandlarge.fr\/mers\/wp-json\/wp\/v2\/users\/2"}],"replies":[{"embeddable":true,"href":"https:\/\/villalegrandlarge.fr\/mers\/wp-json\/wp\/v2\/comments?post=409"}],"version-history":[{"count":17,"href":"https:\/\/villalegrandlarge.fr\/mers\/wp-json\/wp\/v2\/pages\/409\/revisions"}],"predecessor-version":[{"id":1228,"href":"https:\/\/villalegrandlarge.fr\/mers\/wp-json\/wp\/v2\/pages\/409\/revisions\/1228"}],"up":[{"embeddable":true,"href":"https:\/\/villalegrandlarge.fr\/mers\/wp-json\/wp\/v2\/pages\/43"}],"wp:attachment":[{"href":"https:\/\/villalegrandlarge.fr\/mers\/wp-json\/wp\/v2\/media?parent=409"}],"curies":[{"name":"wp","href":"https:\/\/api.w.org\/{rel}","templated":true}]}}