{"id":475,"date":"2022-04-12T17:12:59","date_gmt":"2022-04-12T15:12:59","guid":{"rendered":"https:\/\/villalegrandlarge.fr\/mers\/?page_id=475"},"modified":"2025-08-11T15:35:15","modified_gmt":"2025-08-11T13:35:15","slug":"book-accueil-etat-des-lieux-location-mer","status":"publish","type":"page","link":"https:\/\/villalegrandlarge.fr\/mers\/villa-le-grand-large\/book-accueil-etat-des-lieux-location-mer\/","title":{"rendered":"Livret d\u2019accueil, \u00e9tat des lieux, plan de Mers et parking gratuit."},"content":{"rendered":"<p>Vous trouverez ici les documents utiles \u00e0 t\u00e9l\u00e9charger :<\/p>\n<ul>\n<li><strong><span style=\"color: #0b94bf;\"><a style=\"color: #0b94bf;\" href=\"https:\/\/villalegrandlarge.fr\/mers\/wp-content\/uploads\/livret_accueil_LGL-Fili.pdf\" target=\"_blank\" rel=\"noopener\">Livret d\u2019accueil<\/a><\/span><\/strong><\/li>\n<\/ul>\n<p><a href=\"https:\/\/villalegrandlarge.fr\/mers\/wp-content\/uploads\/qr-livret-acceuil.png\"><img decoding=\"async\" class=\"alignleft wp-image-1182 size-medium\" src=\"https:\/\/villalegrandlarge.fr\/mers\/wp-content\/uploads\/qr-livret-acceuil-300x300.png\" alt=\"\" width=\"300\" height=\"300\" srcset=\"https:\/\/villalegrandlarge.fr\/mers\/wp-content\/uploads\/qr-livret-acceuil-300x300.png 300w, https:\/\/villalegrandlarge.fr\/mers\/wp-content\/uploads\/qr-livret-acceuil-150x150.png 150w, https:\/\/villalegrandlarge.fr\/mers\/wp-content\/uploads\/qr-livret-acceuil-768x768.png 768w, https:\/\/villalegrandlarge.fr\/mers\/wp-content\/uploads\/qr-livret-acceuil.png 1024w\" sizes=\"(max-width: 300px) 100vw, 300px\" \/><\/a><\/p>\n<p>&nbsp;<\/p>\n<p>&nbsp;<\/p>\n<p>&nbsp;<\/p>\n<p>&nbsp;<\/p>\n<p>&nbsp;<\/p>\n<p>&nbsp;<\/p>\n<p>&nbsp;<\/p>\n<p>&nbsp;<\/p>\n<p>&nbsp;<\/p>\n<p>&nbsp;<\/p>\n<ul>\n<li><span style=\"color: #0b94bf;\"><strong><a style=\"color: #0b94bf;\" href=\"https:\/\/villalegrandlarge.fr\/mers\/wp-content\/uploads\/Etat-des-lieux-LGL-Fili.pdf\" target=\"_blank\" rel=\"noopener\">Etat des lieux<\/a><\/strong><\/span><\/li>\n<\/ul>\n<p><a href=\"https:\/\/villalegrandlarge.fr\/mers\/wp-content\/uploads\/qr-etat-des-lieux.png\"><img decoding=\"async\" class=\"alignleft wp-image-1181 size-medium\" src=\"https:\/\/villalegrandlarge.fr\/mers\/wp-content\/uploads\/qr-etat-des-lieux-300x300.png\" alt=\"\" width=\"300\" height=\"300\" srcset=\"https:\/\/villalegrandlarge.fr\/mers\/wp-content\/uploads\/qr-etat-des-lieux-300x300.png 300w, https:\/\/villalegrandlarge.fr\/mers\/wp-content\/uploads\/qr-etat-des-lieux-150x150.png 150w, https:\/\/villalegrandlarge.fr\/mers\/wp-content\/uploads\/qr-etat-des-lieux-768x768.png 768w, https:\/\/villalegrandlarge.fr\/mers\/wp-content\/uploads\/qr-etat-des-lieux.png 1024w\" sizes=\"(max-width: 300px) 100vw, 300px\" \/><\/a><\/p>\n<p>&nbsp;<\/p>\n<p>&nbsp;<\/p>\n<p>&nbsp;<\/p>\n<p>&nbsp;<\/p>\n<p>&nbsp;<\/p>\n<p>&nbsp;<\/p>\n<p>&nbsp;<\/p>\n<p>&nbsp;<\/p>\n<p>&nbsp;<\/p>\n<p>&nbsp;<\/p>\n<ul>\n<li><strong><span style=\"color: #0b94bf;\"><a style=\"color: #0b94bf;\" href=\"https:\/\/villalegrandlarge.fr\/mers\/wp-content\/uploads\/plan-stationnement-fili.pdf\" target=\"_blank\" rel=\"noopener\">Plan de la ville de Mers<\/a><\/span><\/strong><\/li>\n<\/ul>\n<p><a href=\"https:\/\/villalegrandlarge.fr\/mers\/wp-content\/uploads\/qr-Plan.png\"><img decoding=\"async\" class=\"alignleft wp-image-1187 size-medium\" src=\"https:\/\/villalegrandlarge.fr\/mers\/wp-content\/uploads\/qr-Plan-300x300.png\" alt=\"\" width=\"300\" height=\"300\" srcset=\"https:\/\/villalegrandlarge.fr\/mers\/wp-content\/uploads\/qr-Plan-300x300.png 300w, https:\/\/villalegrandlarge.fr\/mers\/wp-content\/uploads\/qr-Plan-150x150.png 150w, https:\/\/villalegrandlarge.fr\/mers\/wp-content\/uploads\/qr-Plan-768x768.png 768w, https:\/\/villalegrandlarge.fr\/mers\/wp-content\/uploads\/qr-Plan.png 1024w\" sizes=\"(max-width: 300px) 100vw, 300px\" \/><\/a><\/p>\n<p>&nbsp;<\/p>\n<p>&nbsp;<\/p>\n<p>&nbsp;<\/p>\n<p>&nbsp;<\/p>\n<p>&nbsp;<\/p>\n<p>&nbsp;<\/p>\n<p>&nbsp;<\/p>\n<p>&nbsp;<\/p>\n<p>&nbsp;<\/p>\n<p>&nbsp;<\/p>\n<p>\u2022 <strong><span style=\"color: #0b94bf;\">\u00a0 <a style=\"color: #0b94bf;\" href=\"https:\/\/villalegrandlarge.fr\/mers\/wp-content\/uploads\/plan-stationnement-fili.pdf\" target=\"_blank\" rel=\"noopener\">Acc\u00e8s au parking gratuit<\/a><\/span><\/strong><\/p>\n<p><strong><span style=\"color: #0b94bf;\"><a style=\"color: #0b94bf;\" href=\"https:\/\/villalegrandlarge.fr\/mers\/wp-content\/uploads\/qr-galiote.png\"><img decoding=\"async\" class=\"alignleft wp-image-1190 size-medium\" src=\"https:\/\/villalegrandlarge.fr\/mers\/wp-content\/uploads\/qr-galiote-300x300.png\" alt=\"\" width=\"300\" height=\"300\" srcset=\"https:\/\/villalegrandlarge.fr\/mers\/wp-content\/uploads\/qr-galiote-300x300.png 300w, https:\/\/villalegrandlarge.fr\/mers\/wp-content\/uploads\/qr-galiote-150x150.png 150w, https:\/\/villalegrandlarge.fr\/mers\/wp-content\/uploads\/qr-galiote-768x768.png 768w, https:\/\/villalegrandlarge.fr\/mers\/wp-content\/uploads\/qr-galiote.png 1024w\" sizes=\"(max-width: 300px) 100vw, 300px\" \/><\/a><\/span><\/strong><\/p>\n<p>&nbsp;<\/p>\n<p>&nbsp;<\/p>\n<p>&nbsp;<\/p>\n<p>&nbsp;<\/p>\n<p>&nbsp;<\/p>\n<p>&nbsp;<\/p>\n<p>&nbsp;<\/p>\n<p>&nbsp;<\/p>\n<p>&nbsp;<\/p>\n<p>&nbsp;<\/p>\n<p style=\"text-align: center;\"><strong>Les lits sont faits \u00e0 l&rsquo;arriv\u00e9e. Le linge de toilette et un pack de 1\u00e8res n\u00e9cessit\u00e9s sont fournis.<\/strong><\/p>\n<p>&nbsp;<\/p>\n<p>En attendant, voici un aper\u00e7u du front de mer avec la webcam :<\/p>\n<p><iframe title=\"YouTube video player\" src=\"https:\/\/www.youtube.com\/embed\/Kq_9wTO0dhU\" width=\"560\" height=\"315\" frameborder=\"0\" allowfullscreen=\"allowfullscreen\"><\/iframe><\/p>\n<p>&nbsp;<\/p>\n<p>&nbsp;<\/p>\n<p>&nbsp;<\/p>\n<p>&nbsp;<\/p>\n<p>&nbsp;<\/p>\n<p>&nbsp;<\/p>\n<p>&nbsp;<\/p>\n<p>&nbsp;<\/p>\n<p>&nbsp;<\/p>\n<p>&nbsp;<\/p>\n<p>&nbsp;<\/p>\n<p>&nbsp;<\/p>\n","protected":false},"excerpt":{"rendered":"<p>Vous trouverez ici les documents utiles \u00e0 t\u00e9l\u00e9charger : Livret d\u2019accueil &nbsp; &nbsp; &nbsp; &nbsp; &nbsp; &nbsp; &nbsp; &nbsp; &nbsp; &nbsp; Etat des lieux &nbsp; &nbsp; &nbsp; &nbsp; &nbsp; &nbsp; &nbsp; &nbsp; &nbsp; &nbsp; Plan de la ville de Mers &nbsp; &nbsp; &nbsp; &nbsp; &nbsp; &nbsp; &nbsp; &nbsp; &nbsp; &nbsp; \u2022 \u00a0 Acc\u00e8s au parking &#8230;<\/p>\n","protected":false},"author":2,"featured_media":0,"parent":43,"menu_order":2,"comment_status":"closed","ping_status":"closed","template":"","meta":{"footnotes":""},"class_list":["post-475","page","type-page","status-publish","hentry"],"_links":{"self":[{"href":"https:\/\/villalegrandlarge.fr\/mers\/wp-json\/wp\/v2\/pages\/475","targetHints":{"allow":["GET"]}}],"collection":[{"href":"https:\/\/villalegrandlarge.fr\/mers\/wp-json\/wp\/v2\/pages"}],"about":[{"href":"https:\/\/villalegrandlarge.fr\/mers\/wp-json\/wp\/v2\/types\/page"}],"author":[{"embeddable":true,"href":"https:\/\/villalegrandlarge.fr\/mers\/wp-json\/wp\/v2\/users\/2"}],"replies":[{"embeddable":true,"href":"https:\/\/villalegrandlarge.fr\/mers\/wp-json\/wp\/v2\/comments?post=475"}],"version-history":[{"count":37,"href":"https:\/\/villalegrandlarge.fr\/mers\/wp-json\/wp\/v2\/pages\/475\/revisions"}],"predecessor-version":[{"id":1201,"href":"https:\/\/villalegrandlarge.fr\/mers\/wp-json\/wp\/v2\/pages\/475\/revisions\/1201"}],"up":[{"embeddable":true,"href":"https:\/\/villalegrandlarge.fr\/mers\/wp-json\/wp\/v2\/pages\/43"}],"wp:attachment":[{"href":"https:\/\/villalegrandlarge.fr\/mers\/wp-json\/wp\/v2\/media?parent=475"}],"curies":[{"name":"wp","href":"https:\/\/api.w.org\/{rel}","templated":true}]}}